{"id":105,"date":"2017-09-26T18:09:39","date_gmt":"2017-09-26T18:09:39","guid":{"rendered":"http:\/\/bmwahl.thomas-schaefer.de\/?page_id=105"},"modified":"2017-10-10T14:51:18","modified_gmt":"2017-10-10T14:51:18","slug":"persoenliches","status":"publish","type":"page","link":"http:\/\/bmwahl.thomas-schaefer.de\/?page_id=105","title":{"rendered":"Pers\u00f6nliches"},"content":{"rendered":"<p><img loading=\"lazy\" class=\"size-medium wp-image-366 alignleft\" src=\"http:\/\/bmwahl.thomas-schaefer.de\/wp-content\/uploads\/2017\/09\/shooting2017_mauer-300x200.jpg\" alt=\"\" width=\"300\" height=\"200\" srcset=\"http:\/\/bmwahl.thomas-schaefer.de\/wp-content\/uploads\/2017\/09\/shooting2017_mauer-300x200.jpg 300w, http:\/\/bmwahl.thomas-schaefer.de\/wp-content\/uploads\/2017\/09\/shooting2017_mauer-768x512.jpg 768w, http:\/\/bmwahl.thomas-schaefer.de\/wp-content\/uploads\/2017\/09\/shooting2017_mauer.jpg 1024w\" sizes=\"(max-width: 300px) 100vw, 300px\" \/><\/p>\n<p>Geboren wurde ich am 11. Januar 1982 in Leonberg. Ich bin evangelisch und aufgewachsen in der Hemminger Nachbargemeinde Heimerdingen.<br \/>\nNach dem Besuch der dortigen Grundschule machte ich im Jahr 2001 Abitur, mit den Leistungskursen Englisch und Gemeinschaftskunde, am Gymnasium in der Glemsaue Ditzingen. Seit dieser Zeit bin ich politisch interessiert, engagiert und Mitglied der CDU.<\/p>\n<p>Den Zivildienst leistete ich in der Tagespflege des Samariterstiftes Leonberg ab.<\/p>\n<p>Seit 2013 bin ich mit meiner Frau Nicole gl\u00fccklich verheiratet. Seit 2014 bereichert unsere Tochter Lina unser Familienleben.<\/p>\n<p>&nbsp;<\/p>\n<p><img loading=\"lazy\" class=\" wp-image-367 alignleft\" src=\"http:\/\/bmwahl.thomas-schaefer.de\/wp-content\/uploads\/2017\/09\/shooting2017_teich-300x200.jpg\" alt=\"\" width=\"509\" height=\"339\" srcset=\"http:\/\/bmwahl.thomas-schaefer.de\/wp-content\/uploads\/2017\/09\/shooting2017_teich-300x200.jpg 300w, http:\/\/bmwahl.thomas-schaefer.de\/wp-content\/uploads\/2017\/09\/shooting2017_teich-768x512.jpg 768w, http:\/\/bmwahl.thomas-schaefer.de\/wp-content\/uploads\/2017\/09\/shooting2017_teich.jpg 1024w\" sizes=\"(max-width: 509px) 100vw, 509px\" \/>Im Neubaugebiet &#8222;H\u00e4lde&#8220; haben wir uns nun h\u00e4uslich niedergelassen und f\u00fchlen uns in Hemmingen sehr wohl!<\/p>\n<p>Wenn es die Zeit neben Familie und Beruf noch zul\u00e4sst, spiele ich Trompete und Posaune oder radele durch unser sch\u00f6nes Strohg\u00e4u.<\/p>\n<figure id=\"attachment_241\" aria-describedby=\"caption-attachment-241\" style=\"width: 720px\" class=\"wp-caption aligncenter\"><img loading=\"lazy\" class=\"wp-image-241 size-large\" src=\"http:\/\/bmwahl.thomas-schaefer.de\/wp-content\/uploads\/2017\/09\/IMG_3386-1024x683.jpg\" alt=\"\" width=\"720\" height=\"480\" srcset=\"http:\/\/bmwahl.thomas-schaefer.de\/wp-content\/uploads\/2017\/09\/IMG_3386-1024x683.jpg 1024w, http:\/\/bmwahl.thomas-schaefer.de\/wp-content\/uploads\/2017\/09\/IMG_3386-300x200.jpg 300w, http:\/\/bmwahl.thomas-schaefer.de\/wp-content\/uploads\/2017\/09\/IMG_3386-768x512.jpg 768w\" sizes=\"(max-width: 720px) 100vw, 720px\" \/><figcaption id=\"caption-attachment-241\" class=\"wp-caption-text\">Charity Bike Cup &#8211; Hemmingen ist auch dabei<\/figcaption><\/figure>\n\n<div class=\"twitter-share\"><a href=\"https:\/\/twitter.com\/intent\/tweet?via=dotcomtomde\" class=\"twitter-share-button\">Twittern<\/a><\/div>\n","protected":false},"excerpt":{"rendered":"<p>Geboren wurde ich am 11. Januar 1982 in Leonberg. Ich bin evangelisch und aufgewachsen in der Hemminger Nachbargemeinde Heimerdingen. Nach dem Besuch der dortigen Grundschule machte ich im Jahr 2001 Abitur, mit den Leistungskursen Englisch und Gemeinschaftskunde, am Gymnasium in<\/p>\n","protected":false},"author":1,"featured_media":0,"parent":74,"menu_order":0,"comment_status":"closed","ping_status":"closed","template":"","meta":[],"_links":{"self":[{"href":"http:\/\/bmwahl.thomas-schaefer.de\/index.php?rest_route=\/wp\/v2\/pages\/105"}],"collection":[{"href":"http:\/\/bmwahl.thomas-schaefer.de\/index.php?rest_route=\/wp\/v2\/pages"}],"about":[{"href":"http:\/\/bmwahl.thomas-schaefer.de\/index.php?rest_route=\/wp\/v2\/types\/page"}],"author":[{"embeddable":true,"href":"http:\/\/bmwahl.thomas-schaefer.de\/index.php?rest_route=\/wp\/v2\/users\/1"}],"replies":[{"embeddable":true,"href":"http:\/\/bmwahl.thomas-schaefer.de\/index.php?rest_route=%2Fwp%2Fv2%2Fcomments&post=105"}],"version-history":[{"count":12,"href":"http:\/\/bmwahl.thomas-schaefer.de\/index.php?rest_route=\/wp\/v2\/pages\/105\/revisions"}],"predecessor-version":[{"id":489,"href":"http:\/\/bmwahl.thomas-schaefer.de\/index.php?rest_route=\/wp\/v2\/pages\/105\/revisions\/489"}],"up":[{"embeddable":true,"href":"http:\/\/bmwahl.thomas-schaefer.de\/index.php?rest_route=\/wp\/v2\/pages\/74"}],"wp:attachment":[{"href":"http:\/\/bmwahl.thomas-schaefer.de\/index.php?rest_route=%2Fwp%2Fv2%2Fmedia&parent=105"}],"curies":[{"name":"wp","href":"https:\/\/api.w.org\/{rel}","templated":true}]}}