{"id":107,"date":"2017-09-26T18:10:13","date_gmt":"2017-09-26T18:10:13","guid":{"rendered":"http:\/\/bmwahl.thomas-schaefer.de\/?page_id=107"},"modified":"2017-11-12T10:29:14","modified_gmt":"2017-11-12T10:29:14","slug":"beruflich","status":"publish","type":"page","link":"http:\/\/bmwahl.thomas-schaefer.de\/?page_id=107","title":{"rendered":"Beruflich"},"content":{"rendered":"<p><strong>Ausbildung\/Studium im gehobenen Verwaltungsdienst<\/strong><br \/>\n2002 \u2013 2006 Studium an der Hochschule Kehl, Abschluss als Diplom-Verwaltungswirt (FH)<br \/>\nPraxisstationen bei der Stadt Korntal-M\u00fcnchingen, Stadt Stuttgart, Stadt Backnang, London Borough of Tower Hamlets<\/p>\n<p>2006 -2007, Stadt Asperg, Stv. Hauptamtsleiter<br \/>\n2008 \u2013 2010, Stadt Asperg, Hauptamtsleiter<\/p>\n<p><strong>Seit 12.03.2010 B\u00fcrgermeister der Gemeinde Hemmingen<\/strong><\/p>\n<p><strong>Engagement und Funktionen<\/strong><\/p>\n<p>Kreisrat im Kreistag des Landkreises Ludwigsburg (Mitglied der CDU-Fraktion)<br \/>\nStv. Vorsitzender des Gemeindeverwaltungsverbandes Schwieberdingen-Hemmingen<br \/>\nStv. Vorsitzender des Zweckverbandes Strohg\u00e4u-Wasserversorgung<br \/>\nVertreter der B\u00fcrgermeisterversammlung in der\u00a0<span class=\"s1\">Arbeitsgruppe Breitband-Ausbau<\/span>\u00a0im Landkreis Ludwigsburg<\/p>\n<p>Vorsitzender der Gesellschafterversammlung der \u00d6kumenischen Sozialstation N\u00f6rdliches Strohg\u00e4u gGmbH<br \/>\nVorstandsmitglied beim Krankenpflegef\u00f6rderverein und Kleeblatt-F\u00f6rderverein Hemmingen<\/p>\n<p>Aufsichtsratsvorsitzender der Volksbank Strohg\u00e4u eG<br \/>\nStv. Vorsitzender der B\u00fcrgermeister-Vereinigung im Landkreis Ludwigsburg<\/p>\n\n<div class=\"twitter-share\"><a href=\"https:\/\/twitter.com\/intent\/tweet?via=dotcomtomde\" class=\"twitter-share-button\">Twittern<\/a><\/div>\n","protected":false},"excerpt":{"rendered":"<p>Ausbildung\/Studium im gehobenen Verwaltungsdienst 2002 \u2013 2006 Studium an der Hochschule Kehl, Abschluss als Diplom-Verwaltungswirt (FH) Praxisstationen bei der Stadt Korntal-M\u00fcnchingen, Stadt Stuttgart, Stadt Backnang, London Borough of Tower Hamlets 2006 -2007, Stadt Asperg, Stv. Hauptamtsleiter 2008 \u2013 2010, Stadt<\/p>\n","protected":false},"author":1,"featured_media":0,"parent":74,"menu_order":0,"comment_status":"closed","ping_status":"closed","template":"","meta":[],"_links":{"self":[{"href":"http:\/\/bmwahl.thomas-schaefer.de\/index.php?rest_route=\/wp\/v2\/pages\/107"}],"collection":[{"href":"http:\/\/bmwahl.thomas-schaefer.de\/index.php?rest_route=\/wp\/v2\/pages"}],"about":[{"href":"http:\/\/bmwahl.thomas-schaefer.de\/index.php?rest_route=\/wp\/v2\/types\/page"}],"author":[{"embeddable":true,"href":"http:\/\/bmwahl.thomas-schaefer.de\/index.php?rest_route=\/wp\/v2\/users\/1"}],"replies":[{"embeddable":true,"href":"http:\/\/bmwahl.thomas-schaefer.de\/index.php?rest_route=%2Fwp%2Fv2%2Fcomments&post=107"}],"version-history":[{"count":5,"href":"http:\/\/bmwahl.thomas-schaefer.de\/index.php?rest_route=\/wp\/v2\/pages\/107\/revisions"}],"predecessor-version":[{"id":500,"href":"http:\/\/bmwahl.thomas-schaefer.de\/index.php?rest_route=\/wp\/v2\/pages\/107\/revisions\/500"}],"up":[{"embeddable":true,"href":"http:\/\/bmwahl.thomas-schaefer.de\/index.php?rest_route=\/wp\/v2\/pages\/74"}],"wp:attachment":[{"href":"http:\/\/bmwahl.thomas-schaefer.de\/index.php?rest_route=%2Fwp%2Fv2%2Fmedia&parent=107"}],"curies":[{"name":"wp","href":"https:\/\/api.w.org\/{rel}","templated":true}]}}