{"id":156,"date":"2017-09-26T18:45:49","date_gmt":"2017-09-26T18:45:49","guid":{"rendered":"http:\/\/bmwahl.thomas-schaefer.de\/?page_id=156"},"modified":"2017-10-10T14:56:29","modified_gmt":"2017-10-10T14:56:29","slug":"buerger-gemeindeentwicklung","status":"publish","type":"page","link":"http:\/\/bmwahl.thomas-schaefer.de\/?page_id=156","title":{"rendered":"B\u00fcrger &#038; Gemeindeentwicklung"},"content":{"rendered":"<p><b>Einbindung der B\u00fcrgerschaft<\/b><\/p>\n<p><em><strong>Gemeindeentwicklungplan<\/strong><\/em><\/p>\n<p>Im Jahr 2011 wurde von mir der <strong><a href=\"https:\/\/www.hemmingen.de\/index.php?id=184\">Gemeindeentwicklungsplan &#8222;Hemmingen 2030&#8220; <\/a><\/strong>angesto\u00dfen und vom Gemeinderat mitgetragen.<br \/>\n\u00dcber 2 Jahre hinweg besch\u00e4ftigten sich die B\u00fcrgerschaft, Gemeinderat und Verwaltung mit Zukunftvisionen f\u00fcr Hemmingen.<br \/>\nIm Jahr 2013 gab es dann eine wichtige Z\u00e4sur mit der Verabschiedung der \u00fcbergeordneten Leits\u00e4tze und der Handlungsfeld bezogenen Zielsetzungen. Eigentlich kommt nach dieser verbalen Zielbestimmungsphase noch die Konkretiserungsphase: Doch in dieser sind wir seither mittendrin! Viele auch in den B\u00fcrger-Workshops angesprochen Ziele sind in der Planung, Umsetzung oder konnten schon realisiert werden. Trotzdem w\u00e4re es mir wichtig, nochmals in dieses Thema einzusteigen und mit der zwischenzeitlich eingetretenen Fortschreibung den Entwicklungsprozess zu aktualisieren und final abzuschlie\u00dfen.<\/p>\n<p><em><strong>B\u00fcrgerinformation<\/strong><\/em><\/p>\n<p>Seit meinem Amtsantritt wird jede Gemeinderatssitzung mit einer <strong>B\u00fcrgerfragestunde<\/strong> er\u00f6ffnet. Damit haben alle B\u00fcrger die M\u00f6glichkeit vor dem Vollgremium, Fragen, Kritik, Anregungen aber auch Lob anzubringen.<\/p>\n<p>Bereits lange vor der gesetzlichen Regelung in der Gemeindeordnung wurden die <a href=\"https:\/\/www.hemmingen.de\/index.php?id=169\"><strong>Sitzungsunterlagen des Gemeinderates auf der Homepage<\/strong><\/a> der Gemeinde ver\u00f6ffentlicht und lagen zur Einsicht in der Bibliothek aus. Seit September 2017 wird nun auch ein <strong><a href=\"https:\/\/service.hemmingen.de\">Ratsinformationssystem<\/a>\u00a0<\/strong>eingesetzt, das neben den aktuellen Unterlagen auch die M\u00f6glichkeit zur Recherche in \u00e4lteren Sachverhalten bietet.<\/p>\n<p>Zu wichtigen Themen wurde die B\u00fcrgerschaft zu <strong>Informationsveranstaltungen<\/strong> in die Gemeinschaftshalle oder ins Rathaus eingeladen: Einf\u00fchrung gesplittete Abwassergeb\u00fchr, Nutzungsordnung Familienfreizeitplatz, Unterbringung von Asylbewerbern, Bauma\u00dfnahmen in der Blohnstra\u00dfe und Eisenbahnstra\u00dfe, Kindergartengeb\u00fchren und Ausbau der Seestra\u00dfe.<\/p>\n<p><img loading=\"lazy\" class=\"size-medium wp-image-289 alignright\" src=\"http:\/\/bmwahl.thomas-schaefer.de\/wp-content\/uploads\/2017\/09\/nje3-1-300x199.jpg\" alt=\"\" width=\"300\" height=\"199\" srcset=\"http:\/\/bmwahl.thomas-schaefer.de\/wp-content\/uploads\/2017\/09\/nje3-1-300x199.jpg 300w, http:\/\/bmwahl.thomas-schaefer.de\/wp-content\/uploads\/2017\/09\/nje3-1-768x510.jpg 768w, http:\/\/bmwahl.thomas-schaefer.de\/wp-content\/uploads\/2017\/09\/nje3-1-1024x680.jpg 1024w\" sizes=\"(max-width: 300px) 100vw, 300px\" \/><\/p>\n<p>Auch der <strong>Neujahrsempfang<\/strong>, der seit 2012 immer am 3. Januar-Sonntag um 17 Uhr durchgef\u00fchrt wird, bietet eine gute Gelegenheit, zum\u00a0einen das vergangene Jahre Revue passieren zu lassen, einen Ausblick auf das neue Jahr zu wagen und ungezwungen beim eigentlichen Empfang mit einander ins Gespr\u00e4ch zu kommen.<\/p>\n<p>&nbsp;<\/p>\n<p><img loading=\"lazy\" class=\"size-medium wp-image-312 alignleft\" src=\"http:\/\/bmwahl.thomas-schaefer.de\/wp-content\/uploads\/2017\/09\/bm_wochenmarkt-271x300.jpg\" alt=\"\" width=\"271\" height=\"300\" srcset=\"http:\/\/bmwahl.thomas-schaefer.de\/wp-content\/uploads\/2017\/09\/bm_wochenmarkt-271x300.jpg 271w, http:\/\/bmwahl.thomas-schaefer.de\/wp-content\/uploads\/2017\/09\/bm_wochenmarkt-768x850.jpg 768w, http:\/\/bmwahl.thomas-schaefer.de\/wp-content\/uploads\/2017\/09\/bm_wochenmarkt-926x1024.jpg 926w\" sizes=\"(max-width: 271px) 100vw, 271px\" \/>Neben den Ver\u00f6ffentlichungen \u00fcber Pressemitteilungen in der Tagespresse und \u00fcber das <strong>Amtsblatt &#8222;Hemmingen aktuell&#8220;<\/strong> werden alle relevanten Informationen auch schnell \u00fcber die <strong>sozialen Netzwerke <a href=\"https:\/\/twitter.com\/hemmingen\">Twitter<\/a>, <a href=\"https:\/\/www.facebook.com\/hemmingen\/\">Facebook <\/a>und <a href=\"https:\/\/www.instagram.com\/hemmingen.de\/\">Instagram<\/a><\/strong> verteilt. Immer \u00f6fter werden auch Anfragen \u00fcber diese Plattformen an die Gemeindeverwaltung gestellt.<\/p>\n<p>Dar\u00fcber hinaus ist mit der pers\u00f6nliche Kontakt mit der Bev\u00f6lkerung wichtig. Terminvereinbarungen sind kurzfristig m\u00f6glich, oft sogar adhoc bei einem Besuch auf dem Rathaus. Dar\u00fcber hinaus bin ich auch nach Ank\u00fcndigung auf dem Wochenmarkt anzutreffen um dort niederschwellig ins Gespr\u00e4ch zu kommen. Dieses Angebot wird oft auch wahrgenommen, wenn ich Veranstaltungen und Feste in Hemmingen besuche.<\/p>\n<p>&nbsp;<\/p>\n<p>&nbsp;<\/p>\n<p>&nbsp;<\/p>\n<p>Zwei sehr wichtige Projekte, die realisiert werden konnten und die beim letzten B\u00fcrgermeister-Wahlkampf eine gro\u00dfe Rolle gespielt haben, sollen hier eingehender erl\u00e4utert werden:<\/p>\n<p><strong>Breitband-Versorgung<\/strong><\/p>\n<figure id=\"attachment_328\" aria-describedby=\"caption-attachment-328\" style=\"width: 300px\" class=\"wp-caption alignleft\"><img loading=\"lazy\" class=\"wp-image-328 size-medium\" src=\"http:\/\/bmwahl.thomas-schaefer.de\/wp-content\/uploads\/2017\/09\/start_neckarcom-300x199.jpg\" alt=\"\" width=\"300\" height=\"199\" srcset=\"http:\/\/bmwahl.thomas-schaefer.de\/wp-content\/uploads\/2017\/09\/start_neckarcom-300x199.jpg 300w, http:\/\/bmwahl.thomas-schaefer.de\/wp-content\/uploads\/2017\/09\/start_neckarcom.jpg 587w\" sizes=\"(max-width: 300px) 100vw, 300px\" \/><figcaption id=\"caption-attachment-328\" class=\"wp-caption-text\">Inbetriebnahme von Neckarcom<\/figcaption><\/figure>\n<p>Ein gro\u00dfes Thema bei der letzten B\u00fcrgermeister-Wahl 2009\/2010 war das Thema der Breitband-Internet-Versorgung von Hemmingen.<br \/>\nDie Hoffnungen lagen in den Jahren zuvor bei der Deutschen Telekom. Diese hatte ein Angebot vorgelegt, f\u00fcr 300.000 EUR das Netz zu restrukturieren. Durch das schnelle Wachstum der Gemeinde in den 1970er Jahren wurden teilweise die Telefon-Leitungen sehr unstrukturiert verlegt. Ein Fall kam mir unter, wo es vom Hausanschluss 1,6 km bis zum sog. KVz (Kabelverzweiger) waren. Normal sind es max. 100 m bis zum n\u00e4chsten &#8222;grauen Kasten&#8220;.<br \/>\nLeider musste die Telekom, kaum dass das Angebot im Haus war, dieses wieder zur\u00fccknehmen: Nach dem EU-Beihilferecht darf die \u00f6ffentliche Hand nur einen bestimmten Betrag (damals 50 TEUR) an ein privatwirtschaftliches Unternehmen geben. Damit war die erhoffte Verbesserung der Internet-Anbindung zun\u00e4chst nicht zu verwirklichen.<br \/>\nNach meinem Amtsantritt f\u00fchrte ich zahlreiche Gespr\u00e4che mit den diversen Telekommunikationsunternehmen. Der Durchbruch gelang, als der Wohnpark Schlossgut I mit seinen 360 Wohneinheiten als relativ geschlossene Einheit auftrat und bei diesem Marktpotential die EnBW&#8211;Tochter <strong>Neckarcom<\/strong> (Heute: Netcom BW) darauf ansprang. Die <strong>Glasfaser-Trasse<\/strong>, die auf den Hochspannungsleitungen zwischen Schwieberdingen und Hemmingen mitgef\u00fchrt wird, wurde &#8222;angezapft&#8220; und der Linienverzweiger an der Ecke Freiherr-von-Varnb\u00fcler-Stra\u00dfe und M\u00fcnchinger Stra\u00dfe wurde um 2 sog. OutdoorDSLAM erweitert, so dass bis dorthin die Daten \u00fcber Glasfaser gef\u00fchrt werden und ab dem Linienverzweiger \u00fcber das klassische Kupferkabel. Somit sind im weiteren Umkreis 50 MBit\/s m\u00f6glich. Allerdings gibt es auch hier die physikalische D\u00e4mpfung beim Kupferkabel und je weiter man von dem Verteiler entfernt ist (Gebiet Schauchert), gehen die Datenraten gegen 16 MBit\/s.<br \/>\nZum Gl\u00fcck gibt es aber noch weitere Anbieter in Hemmingen: Das <strong>Kabelnetz von Unitymedia<\/strong> (fr\u00fcher: KabelBW) ist sehr stark in Hemmingen verbreitet und mittlerweile k\u00f6nnen 90% der Haushalte mit Bandbreiten von 400 MBit\/s versorgt werden. Diverse Stra\u00dfenz\u00fcge konnten in den vergangenen Jahren auch bei Tiefbauarbeiten einen Unitymedia-Anschluss erhalten (Theodor-Heuss-Stra\u00dfe, Blumenstra\u00dfe, Blohnstra\u00dfe, Schauchertstra\u00dfe, Hochstetter Stra\u00dfe). Bei der Erschlie\u00dfung der Neubaugebiete &#8222;Maria-Montessori-Stra\u00dfe&#8220; und &#8222;H\u00e4lde&#8220; konnte auch Unitymedia gewonnen werden. In der H\u00e4lde wurde sogar gleich Glasfaser bis ins Haus verlegt.<br \/>\nIn der Eisenbahnstra\u00dfe war es dann sogar die Telekom, die im Rahmen der dortigen Erschlie\u00dfungsarbeiten Glasfasern bis in Haus gelegt hat.<\/p>\n<figure id=\"attachment_329\" aria-describedby=\"caption-attachment-329\" style=\"width: 200px\" class=\"wp-caption alignleft\"><img loading=\"lazy\" class=\"wp-image-329 size-medium\" src=\"http:\/\/bmwahl.thomas-schaefer.de\/wp-content\/uploads\/2017\/09\/nexiu-200x300.jpg\" alt=\"\" width=\"200\" height=\"300\" srcset=\"http:\/\/bmwahl.thomas-schaefer.de\/wp-content\/uploads\/2017\/09\/nexiu-200x300.jpg 200w, http:\/\/bmwahl.thomas-schaefer.de\/wp-content\/uploads\/2017\/09\/nexiu.jpg 413w\" sizes=\"(max-width: 200px) 100vw, 200px\" \/><figcaption id=\"caption-attachment-329\" class=\"wp-caption-text\">Richtfunk-Sender, Rohrhof 1<\/figcaption><\/figure>\n<p>Als zus\u00e4tzlicher Internet-Carrier konnte die Fa. <strong>Nexiu<\/strong> gewonnen werden. Diese realisiert Internet-Anschl\u00fcsse \u00fcber <strong>Richtfunk<\/strong>. \u00dcber Richtfunk sind ebenfalls hohe Bandbreiten m\u00f6glich, allerdings wird hier ein Sichtkontakt zwischen Sender und Empf\u00e4nger ben\u00f6tigt. In Hemmingen gibt es zwischenzeitlich drei Sender:<br \/>\nRohrhof 1, Heimerdinger Stra\u00dfe 34 und Haldenhof 2. Von dort werden insbesondere die Aussiedlerh\u00f6fe und Gewerbebetriebe angebunden.<br \/>\nUm mit den Carriern im Gespr\u00e4ch zu bleiben und deren Leistungen beurteilen zu k\u00f6nnen, ist die Gemeinde auch mit allen in Hemmingen vertretenen Anbietern verbunden. So wird das Jugendhaus \u00fcber Nexiu angebunden, das Rathaus und der Kindergarten Albert-Schweitzer-Stra\u00dfe \u00fcber Neckarcom und die sonstigen Einrichtungen \u00fcber Unitymedia. Der Kindergarten &#8222;H\u00e4lde&#8220; wird \u00fcber die Deutsche Telekom versorgt.<\/p>\n<figure id=\"attachment_314\" aria-describedby=\"caption-attachment-314\" style=\"width: 300px\" class=\"wp-caption alignright\"><img loading=\"lazy\" class=\"wp-image-314 size-medium\" src=\"http:\/\/bmwahl.thomas-schaefer.de\/wp-content\/uploads\/2017\/09\/DSC01758-300x200.jpg\" alt=\"\" width=\"300\" height=\"200\" srcset=\"http:\/\/bmwahl.thomas-schaefer.de\/wp-content\/uploads\/2017\/09\/DSC01758-300x200.jpg 300w, http:\/\/bmwahl.thomas-schaefer.de\/wp-content\/uploads\/2017\/09\/DSC01758-768x511.jpg 768w, http:\/\/bmwahl.thomas-schaefer.de\/wp-content\/uploads\/2017\/09\/DSC01758-1024x681.jpg 1024w\" sizes=\"(max-width: 300px) 100vw, 300px\" \/><figcaption id=\"caption-attachment-314\" class=\"wp-caption-text\">\u00dcbergabe der F\u00f6rderbescheide &#8222;Masterplanung Glasfaser&#8220; des Bundesministeriums f\u00fcr Verkehr und Infrastruktur durch den Bundestagsabgeordneten Steffen Bilger<\/figcaption><\/figure>\n<p>Zwischenzeitlich ist das Thema noch &#8222;virulenter&#8220; geworden: Industrie 4.0, Digitalisierung und &#8222;IoT &#8211; Internet of the things&#8220; sind die Schlagworte unserer Zeit.<br \/>\nAuch ist die Marschrichtung klar, dass aufgrund des Bandbreitenbedarfs f\u00fcr die Zukunft nur Glasfaser als das Medium gelten kann. Die Kurve der Bandbreite geht exponentiell nach oben: Fernsehen findet heute nicht-linear statt, Filme und Musik werden gestreamt und die ersten hochaufl\u00f6senden 4k-Fernseher stehen in den Wohnzimmer. Telemedizin wird weiter ausgebaut werden und f\u00fcr all das braucht es mittelfristig eine Anbindung jeder Wohnung an die Glasfaser.<br \/>\nHierzu werden von der Bundesregierung auch F\u00f6rdermittel bereitgestellt. Die Gemeinde hat sich f\u00fcr eine F\u00f6rderung von 50.000\u00a0EUR beworben, um einen <strong>Master-Plan<\/strong> ausarbeiten zu lassen, wie die <strong>Glasfaser-Verkabelung in Hemmingen bis in jede Wohnung<\/strong> aussehen muss und wie diese im Zuge von anstehenden Tiefbauma\u00dfnahmen angepackt werden kann. Zwischenzeitlich wurde die F\u00f6rderung bewilligt und im Fr\u00fchjahr 2018 wird der Masterplan vorliegen. Dar\u00fcber hinaus hat die Gemeinde bereits bei bisherigen Tiefbauma\u00dfnahmen, wie z.B. auch der gro\u00dffl\u00e4chigen Verlegung der W\u00e4rmeleitungen, Leerrohre mitverlegt, in die zuk\u00fcnftig Glasfaser eingeblasen werden kann.<br \/>\nAuch der Landkreis Ludwigsburg widmet sich gerade sehr intensiv diesem Thema. M\u00f6glicherweise soll es ein kommunales Backbone-Netz geben, um jede Kommune mit zwei Glasfaserknoten zu versorgen. Zusammen mit 5 B\u00fcrgermeister-Kollegen bin ich hier auch in einem Arbeitskreis um die weiteren Planungen f\u00fcr den Kreistag und die B\u00fcrgermeisterversammlung vorzubereiten.<\/p>\n<p><strong>Familienfreizeitplatz<\/strong><\/p>\n<p><img loading=\"lazy\" class=\"size-medium wp-image-237 alignleft\" src=\"http:\/\/bmwahl.thomas-schaefer.de\/wp-content\/uploads\/2017\/09\/ffp2-1-300x199.jpg\" alt=\"\" width=\"300\" height=\"199\" srcset=\"http:\/\/bmwahl.thomas-schaefer.de\/wp-content\/uploads\/2017\/09\/ffp2-1-300x199.jpg 300w, http:\/\/bmwahl.thomas-schaefer.de\/wp-content\/uploads\/2017\/09\/ffp2-1-768x510.jpg 768w, http:\/\/bmwahl.thomas-schaefer.de\/wp-content\/uploads\/2017\/09\/ffp2-1-1024x680.jpg 1024w\" sizes=\"(max-width: 300px) 100vw, 300px\" \/>Der Familienfreizeitplatz war das erste gro\u00dfe Projekt, dass ich mir im Wahlkampf 2010 auf die Fahnen geschrieben hatte und das schlussendlich dank dem Engagement vieler umgesetzt werden konnte. Bereits 2005 und 2007 gab es gemeinder\u00e4tliche Antr\u00e4ge, einen <strong>Platz f\u00fcr Jugendliche\/Familienfreizeitplatz<\/strong> zu schaffen.<br \/>\nIm Juli 2009 wurde &#8222;Sommerrock im Schulpark&#8220; insbesondere vom DRK Ortsverein organisiert und ein Reinerl\u00f6s von 3.590 EUR wurde mir am 1. Mai 2010 \u00fcbergeben.<br \/>\nDie verwaltungsinterne Suche nach einem geeigneten Grundst\u00fcck war im Laufe des Jahres 2010 dann erfolgreich und im Dezember 2010 konnte ein Grundst\u00fcck in Verl\u00e4ngerung der Sportanlagen erworben werden.<br \/>\nDie Verwaltung und der Gemeinderat setzten darauf, die bisherigen Mitstreiter f\u00fcr den Freizeitplatz mitzunehmen und diese in die Planungen mit einzubeziehen. Mit dem\u00a0Landschaftsarchitekturb\u00fcro Reinboth aus Esslingen konnte dann ein B\u00fcro gewonnen werden, das Erfahrung in der <strong>Erarbeitung von Planungen unter B\u00fcrgerbeteiligung<\/strong> hatte. In zwei Workshops wurden die Planungen erarbeitet und in der Gemeinderatssitzung am 11.10.11 der Baubeschluss gefasst. Im Februar 2012 erfolgte die Vergabe der Gewerke in H\u00f6he von 200.000 EUR.<\/p>\n<p><img loading=\"lazy\" class=\"size-medium wp-image-355 alignleft\" src=\"http:\/\/bmwahl.thomas-schaefer.de\/wp-content\/uploads\/2017\/09\/Familienfreizeit_lr-300x279.jpg\" alt=\"\" width=\"300\" height=\"279\" srcset=\"http:\/\/bmwahl.thomas-schaefer.de\/wp-content\/uploads\/2017\/09\/Familienfreizeit_lr-300x279.jpg 300w, http:\/\/bmwahl.thomas-schaefer.de\/wp-content\/uploads\/2017\/09\/Familienfreizeit_lr-768x713.jpg 768w, http:\/\/bmwahl.thomas-schaefer.de\/wp-content\/uploads\/2017\/09\/Familienfreizeit_lr.jpg 800w\" sizes=\"(max-width: 300px) 100vw, 300px\" \/><\/p>\n<p>Am <strong>09.03.2012<\/strong> fand der <strong>Spatenstich<\/strong> statt und bereits am <strong>08.07.2012<\/strong> konnte mit einem &#8222;Fest der\u00a0Kulturen&#8220; der <strong>Familienfreizeitplatz feierlich \u00fcbergeben<\/strong> werden.<\/p>\n<p>In der Folge konstituierte sich dankenswerterweise auch der Familienfreizeitplatz-Verein, der regelm\u00e4\u00dfig Veranstaltungen auf dem Platz anbietet und bereits mehr als 150 Mitglieder gewonnen hat.<\/p>\n<p>Der Platz war im Vorfeld nicht unumstritten, da es doch zahlreiche Bef\u00fcrchtungen wegen Vandalismus, Verm\u00fcllung, Ruhest\u00f6rungen und Verkehrsproblemen gab. Deshalb wurde die Nutzungsordnung f\u00fcr den Platz auch unter Beteiligung von Anwohnern, der Polizei und dem Ordnungsamt diskutiert und schlussendlich vom Gemeinderat beschlossen.<\/p>\n<p>Sicherlich gab es in der Folge immer wieder unsch\u00f6ne Hinterlassenschaften von Partys und die zur Verf\u00fcgung stehenden M\u00fclleimer wurde nicht genutzt, doch alles in allem wird der Platz sehr gut angenommen und die wenigen Vorkommnisse lassen die Vielzahl von positiven Erfahrungen mit dem Platz in den Hintergrund treten. Auch hat sich gemeindeweit gezeigt, dass der Vandalismus und die Ruhest\u00f6rungen abgenommen haben. Somit wurde das Ziel erreicht, einen Ort zu schaffen, an dem sich Jugendliche auch nach 22.00 Uhr aufhalten k\u00f6nnen und nicht nur von einem Platz zum N\u00e4chsten geschickt werden.<\/p>\n<p>&nbsp;<\/p>\n<p>&nbsp;<\/p>\n<p>&nbsp;<\/p>\n<p>&nbsp;<\/p>\n<p>&nbsp;<\/p>\n<p>&nbsp;<\/p>\n<p>&nbsp;<\/p>\n<p>&nbsp;<\/p>\n\n<div class=\"twitter-share\"><a href=\"https:\/\/twitter.com\/intent\/tweet?via=dotcomtomde\" class=\"twitter-share-button\">Twittern<\/a><\/div>\n","protected":false},"excerpt":{"rendered":"<p>Einbindung der B\u00fcrgerschaft Gemeindeentwicklungplan Im Jahr 2011 wurde von mir der Gemeindeentwicklungsplan &#8222;Hemmingen 2030&#8220; angesto\u00dfen und vom Gemeinderat mitgetragen. \u00dcber 2 Jahre hinweg besch\u00e4ftigten sich die B\u00fcrgerschaft, Gemeinderat und Verwaltung mit Zukunftvisionen f\u00fcr Hemmingen. Im Jahr 2013 gab es dann<\/p>\n","protected":false},"author":1,"featured_media":0,"parent":0,"menu_order":0,"comment_status":"closed","ping_status":"closed","template":"","meta":[],"_links":{"self":[{"href":"http:\/\/bmwahl.thomas-schaefer.de\/index.php?rest_route=\/wp\/v2\/pages\/156"}],"collection":[{"href":"http:\/\/bmwahl.thomas-schaefer.de\/index.php?rest_route=\/wp\/v2\/pages"}],"about":[{"href":"http:\/\/bmwahl.thomas-schaefer.de\/index.php?rest_route=\/wp\/v2\/types\/page"}],"author":[{"embeddable":true,"href":"http:\/\/bmwahl.thomas-schaefer.de\/index.php?rest_route=\/wp\/v2\/users\/1"}],"replies":[{"embeddable":true,"href":"http:\/\/bmwahl.thomas-schaefer.de\/index.php?rest_route=%2Fwp%2Fv2%2Fcomments&post=156"}],"version-history":[{"count":13,"href":"http:\/\/bmwahl.thomas-schaefer.de\/index.php?rest_route=\/wp\/v2\/pages\/156\/revisions"}],"predecessor-version":[{"id":490,"href":"http:\/\/bmwahl.thomas-schaefer.de\/index.php?rest_route=\/wp\/v2\/pages\/156\/revisions\/490"}],"wp:attachment":[{"href":"http:\/\/bmwahl.thomas-schaefer.de\/index.php?rest_route=%2Fwp%2Fv2%2Fmedia&parent=156"}],"curies":[{"name":"wp","href":"https:\/\/api.w.org\/{rel}","templated":true}]}}