{"id":159,"date":"2017-09-26T18:50:26","date_gmt":"2017-09-26T18:50:26","guid":{"rendered":"http:\/\/bmwahl.thomas-schaefer.de\/?page_id=159"},"modified":"2017-10-10T15:05:06","modified_gmt":"2017-10-10T15:05:06","slug":"leben-wohnen","status":"publish","type":"page","link":"http:\/\/bmwahl.thomas-schaefer.de\/?page_id=159","title":{"rendered":"Leben &#038; Wohnen"},"content":{"rendered":"<p><img loading=\"lazy\" class=\" wp-image-325 alignleft\" src=\"http:\/\/bmwahl.thomas-schaefer.de\/wp-content\/uploads\/2017\/09\/csm_strassen_haelde_5e2cfdabe8-300x107.jpg\" alt=\"\" width=\"463\" height=\"165\" srcset=\"http:\/\/bmwahl.thomas-schaefer.de\/wp-content\/uploads\/2017\/09\/csm_strassen_haelde_5e2cfdabe8-300x107.jpg 300w, http:\/\/bmwahl.thomas-schaefer.de\/wp-content\/uploads\/2017\/09\/csm_strassen_haelde_5e2cfdabe8.jpg 618w\" sizes=\"(max-width: 463px) 100vw, 463px\" \/><\/p>\n<p>Gerade die Region Stuttgart hat eine unheimliche Sog-Wirkung entwickelt: Die Wirtschaftskraft der hier beheimateten Firmen zieht Menschen aus allen Ecken in unsere Gegend zum Arbeiten und damit verbunden ist auch eine extrem hohe Nachfrage nach Wohnraum.<br \/>\nLange Jahre konnte Hemmingen die Nachfrage nicht bedienen, da die Entwicklung von neuen Baugebieten ins Stocken geraten war. Das <strong>Baugebiet &#8222;H\u00e4lde&#8220;<\/strong> war bereits seit den 1960er Jahren ins Auge gefasst und die Fl\u00e4chen wurden deshalb nicht flurbereinigt. Bereits im Jahr 2005 wurde der Aufstellungsbeschluss f\u00fcr den Bebauungsplan gefasst.<\/p>\n<p>&nbsp;<\/p>\n<p><img loading=\"lazy\" class=\"size-medium wp-image-333 alignleft\" src=\"http:\/\/bmwahl.thomas-schaefer.de\/wp-content\/uploads\/2017\/09\/kv_L1140-300x225.jpg\" alt=\"\" width=\"300\" height=\"225\" srcset=\"http:\/\/bmwahl.thomas-schaefer.de\/wp-content\/uploads\/2017\/09\/kv_L1140-300x225.jpg 300w, http:\/\/bmwahl.thomas-schaefer.de\/wp-content\/uploads\/2017\/09\/kv_L1140-768x576.jpg 768w, http:\/\/bmwahl.thomas-schaefer.de\/wp-content\/uploads\/2017\/09\/kv_L1140.jpg 800w\" sizes=\"(max-width: 300px) 100vw, 300px\" \/>Verschiedenste Gr\u00fcnde f\u00fchrten dazu, dass es bis ins Jahr 2014 dauerte, dass der Bebauungsplan zum Abschluss gebracht werden konnte. Nach den notwendigen Erschlie\u00dfungsarbeiten konnten ab November 2015 private Bauvorhaben realisiert werden. Die etwas <strong>220 Wohneinheiten<\/strong> werden derzeit aufgesiedelt und <strong>Stand Oktober 2017<\/strong> wohnen bereits <strong>300 Menschen in der &#8222;H\u00e4lde&#8220;<\/strong>.<\/p>\n<p>Derzeit wird die <strong>Kindertagesst\u00e4tte &#8222;In der H\u00e4lde 31&#8220;<\/strong> errichtet und das Projekt der <strong>Bahnquerungen<\/strong> mit gro\u00dfer Beharrlichkeit vorangetrieben.<br \/>\nIch konnte mir nicht vorstellen, dass diese Bahnquerungen uns so viel Zeit und Nerven kosten w\u00fcrden!<br \/>\nBereits im Oktober 2015 haben wir die Pl\u00e4ne vom Gemeinderat genehmigt bekommen und seitdem sind wir ein Spielball zwischen dem Noch-Eigent\u00fcmer der Strecke, der W\u00fcrttembergischen Eisenbahngesellschaft, dem von uns beauftragten Planungsb\u00fcro und dem Regierungspr\u00e4sidium als die genehmigende Beh\u00f6rde.<\/p>\n<p><img loading=\"lazy\" class=\"size-medium wp-image-463 alignleft\" src=\"http:\/\/bmwahl.thomas-schaefer.de\/wp-content\/uploads\/2017\/10\/DSC_1168-300x199.jpg\" alt=\"\" width=\"300\" height=\"199\" srcset=\"http:\/\/bmwahl.thomas-schaefer.de\/wp-content\/uploads\/2017\/10\/DSC_1168-300x199.jpg 300w, http:\/\/bmwahl.thomas-schaefer.de\/wp-content\/uploads\/2017\/10\/DSC_1168-768x510.jpg 768w, http:\/\/bmwahl.thomas-schaefer.de\/wp-content\/uploads\/2017\/10\/DSC_1168-1024x680.jpg 1024w\" sizes=\"(max-width: 300px) 100vw, 300px\" \/>Wir k\u00f6nnen immer nur als Bittsteller auftreten und darauf dr\u00e4ngen, dass an unseren, eigentlich doch kleine Ma\u00dfnahmen, die n\u00e4chsten Schritte vorgenommen werden. \u00dcber die Sommerferien 2017 wurde nun vom Regierungspr\u00e4sidium die Vorpr\u00fcfung der Planunterlagen vorgenommen und festgestellt, dass ein <strong>Plangenehmigungsverfahren<\/strong> statt eines noch zeitaufw\u00e4ndigeren Planfeststellungsverfahren durchgef\u00fchrt werden kann. Anfang Oktober wurden die Planunterlagen nun an die WEG zur Einreichung an das Regierungspr\u00e4sidium \u00fcbergeben. Wir hoffen auf eine schnelle Genehmigung, dass die Ma\u00dfnahme nun endlich in 2018 umgesetzt werden kann.<\/p>\n<p>Um trotzdem eine Anbindung der Ostseite der &#8222;H\u00e4lde&#8220; an den \u00d6PNV zu gew\u00e4hrleisten, wurden kurzfristig am Kreisverkehr zwei Bushaltestellen eingerichtet.<\/p>\n<p>&nbsp;<\/p>\n<p><img loading=\"lazy\" class=\"size-medium wp-image-349 alignleft\" src=\"http:\/\/bmwahl.thomas-schaefer.de\/wp-content\/uploads\/2017\/09\/IMG00050-20100706-1706-300x225.jpg\" alt=\"\" width=\"300\" height=\"225\" srcset=\"http:\/\/bmwahl.thomas-schaefer.de\/wp-content\/uploads\/2017\/09\/IMG00050-20100706-1706-300x225.jpg 300w, http:\/\/bmwahl.thomas-schaefer.de\/wp-content\/uploads\/2017\/09\/IMG00050-20100706-1706-768x576.jpg 768w, http:\/\/bmwahl.thomas-schaefer.de\/wp-content\/uploads\/2017\/09\/IMG00050-20100706-1706-1024x768.jpg 1024w, http:\/\/bmwahl.thomas-schaefer.de\/wp-content\/uploads\/2017\/09\/IMG00050-20100706-1706.jpg 2048w\" sizes=\"(max-width: 300px) 100vw, 300px\" \/><\/p>\n<p>W\u00e4hrend der langen Planungen f\u00fcr das Baugebiet &#8222;H\u00e4lde&#8220; konnte mit der <strong>Umlegung und dem Bebauungsplan &#8222;\u00d6stlich der Neuen Sch\u00f6ckinger Stra\u00dfe&#8220;<\/strong> mit der <strong>Maria-Montessori-Stra\u00dfe<\/strong> ein kleines Baugebiet entwickelt werden.<\/p>\n<p>Zwischenzeitlich konnte auch der st\u00e4dtebaulichen L\u00fcckenschluss, wie es schon bei den ersten Planungen zum Baugebiet &#8222;H\u00e4lde&#8220; vorgesehen war ebenfalls umgesetzt werden und mit dem <strong>Bebauungsplan &#8222;Eisenbahnstra\u00dfe&#8220;<\/strong> konnte zum einen der Ausbau der Stra\u00dfe angegangen, wie auch <strong>neue Baupl\u00e4tze<\/strong> geschaffen werden.<\/p>\n<p><strong>Wohnraum<\/strong> brauchen wir auch dringend <strong>f\u00fcr Asylbewerber und zur Unterbringung von Obdachlosen<\/strong>. Der Fl\u00fcchtlingsstrom, insbesondere aus dem Jahr 2015, verbunden mit dem nun eintretenden <strong>Familiennachzug<\/strong> stellen die Gemeinde vor eine gro\u00dfe Herausforderung. Bislang ist es uns gelungen, alle Menschen, die uns vom Landkreis zugewiesen werden, in einer unserer Anschlussunterbringungen unterzubringen.\u00a0Ein paar wenige Mietobjekte konnten von der Gemeinde angemietet werden. Jetzt wird es darum gehen, die Grundst\u00fccke Hauptstra\u00dfe 35\/1 und 37 zu bebauen um dort Unterbringungsm\u00f6glichkeiten zu schaffen. Es geschieht immer h\u00e4ufiger, dass auch der Gerichtsvollzieher Menschen aus ihren Wohnungen r\u00e4umt &#8211; teils wegen Mietschulden, teils wegen Eigenbedarf &#8211; und diesen Menschen muss die Gemeinde ebenfalls eine Unterkunft bieten!<\/p>\n<p>Sehr dankbar bin ich, dass die Gemeinde gro\u00dfe Unterst\u00fctzung bei der Betreuung der Asylbewerber durch den <strong>Freundeskreis Fl\u00fcchtlingshilfe Hemmingen<\/strong> erf\u00e4hrt. Das Engagement ist nicht selbstverst\u00e4ndlich und hilft, dass die neu zu uns gekommenen Menschen auch Anschluss an die Gesellschaft finden und auch wirklich integriert werden.<br \/>\nDie ersten sehr positiven Schritte sind gemacht, aber es ist sicherlich noch ein langer Weg. Dank dem <strong>Pakt f\u00fcr Integration<\/strong> werden wir ab Januar 2018 weitere Unterst\u00fctzung durch Sozialarbeiter des Landkreises erhalten, die zusammen mit den Mitarbeitern im Ordnungsamt als Ansprechpartner zur Verf\u00fcgung stehen.<\/p>\n<p>&nbsp;<\/p>\n<p>&nbsp;<\/p>\n<p>&nbsp;<\/p>\n<p>&nbsp;<\/p>\n<p>&nbsp;<\/p>\n\n<div class=\"twitter-share\"><a href=\"https:\/\/twitter.com\/intent\/tweet?via=dotcomtomde\" class=\"twitter-share-button\">Twittern<\/a><\/div>\n","protected":false},"excerpt":{"rendered":"<p>Gerade die Region Stuttgart hat eine unheimliche Sog-Wirkung entwickelt: Die Wirtschaftskraft der hier beheimateten Firmen zieht Menschen aus allen Ecken in unsere Gegend zum Arbeiten und damit verbunden ist auch eine extrem hohe Nachfrage nach Wohnraum. Lange Jahre konnte Hemmingen<\/p>\n","protected":false},"author":1,"featured_media":0,"parent":0,"menu_order":0,"comment_status":"closed","ping_status":"closed","template":"","meta":[],"_links":{"self":[{"href":"http:\/\/bmwahl.thomas-schaefer.de\/index.php?rest_route=\/wp\/v2\/pages\/159"}],"collection":[{"href":"http:\/\/bmwahl.thomas-schaefer.de\/index.php?rest_route=\/wp\/v2\/pages"}],"about":[{"href":"http:\/\/bmwahl.thomas-schaefer.de\/index.php?rest_route=\/wp\/v2\/types\/page"}],"author":[{"embeddable":true,"href":"http:\/\/bmwahl.thomas-schaefer.de\/index.php?rest_route=\/wp\/v2\/users\/1"}],"replies":[{"embeddable":true,"href":"http:\/\/bmwahl.thomas-schaefer.de\/index.php?rest_route=%2Fwp%2Fv2%2Fcomments&post=159"}],"version-history":[{"count":10,"href":"http:\/\/bmwahl.thomas-schaefer.de\/index.php?rest_route=\/wp\/v2\/pages\/159\/revisions"}],"predecessor-version":[{"id":497,"href":"http:\/\/bmwahl.thomas-schaefer.de\/index.php?rest_route=\/wp\/v2\/pages\/159\/revisions\/497"}],"wp:attachment":[{"href":"http:\/\/bmwahl.thomas-schaefer.de\/index.php?rest_route=%2Fwp%2Fv2%2Fmedia&parent=159"}],"curies":[{"name":"wp","href":"https:\/\/api.w.org\/{rel}","templated":true}]}}