{"id":165,"date":"2017-09-26T18:52:42","date_gmt":"2017-09-26T18:52:42","guid":{"rendered":"http:\/\/bmwahl.thomas-schaefer.de\/?page_id=165"},"modified":"2017-10-10T14:56:54","modified_gmt":"2017-10-10T14:56:54","slug":"umwelt-naturschutz","status":"publish","type":"page","link":"http:\/\/bmwahl.thomas-schaefer.de\/?page_id=165","title":{"rendered":"Umwelt &#038; Natur"},"content":{"rendered":"<p>Die vergangenen Jahre wurden genutzt, um <strong>verschiedene Projekte im Bereich der energetischen Sanierung<\/strong> durchzuf\u00fchren. So wurde der Kindergarten Hauptstra\u00dfe mit Mitteln aus dem Landessanierungsprogramm energetisch saniert. Ebenso wurde die &#8222;Alte Sporthalle&#8220; unter Verwendung von Mitteln aus dem &#8222;Konjunkturpaket II&#8220; energetisch saniert.<\/p>\n<p>Zahlreiche Stra\u00dfenz\u00fcge wurden mittlerweile mit <strong>LED-Stra\u00dfenlaternen<\/strong> ausgestattet, die weit weniger Energie verbrauchen als die seither eingesetzten Natriumdampfleuchten.<\/p>\n<p><img loading=\"lazy\" class=\" wp-image-438 alignleft\" src=\"http:\/\/bmwahl.thomas-schaefer.de\/wp-content\/uploads\/2017\/10\/imagefilm-cover_vorne-300x295.jpg\" alt=\"\" width=\"343\" height=\"337\" srcset=\"http:\/\/bmwahl.thomas-schaefer.de\/wp-content\/uploads\/2017\/10\/imagefilm-cover_vorne-300x295.jpg 300w, http:\/\/bmwahl.thomas-schaefer.de\/wp-content\/uploads\/2017\/10\/imagefilm-cover_vorne-768x754.jpg 768w, http:\/\/bmwahl.thomas-schaefer.de\/wp-content\/uploads\/2017\/10\/imagefilm-cover_vorne-1024x1005.jpg 1024w, http:\/\/bmwahl.thomas-schaefer.de\/wp-content\/uploads\/2017\/10\/imagefilm-cover_vorne.jpg 1544w\" sizes=\"(max-width: 343px) 100vw, 343px\" \/><\/p>\n<p>&nbsp;<\/p>\n<p><img loading=\"lazy\" class=\" wp-image-440 alignleft\" src=\"http:\/\/bmwahl.thomas-schaefer.de\/wp-content\/uploads\/2017\/10\/hackschnitzel-300x225.jpg\" alt=\"\" width=\"403\" height=\"303\" srcset=\"http:\/\/bmwahl.thomas-schaefer.de\/wp-content\/uploads\/2017\/10\/hackschnitzel-300x225.jpg 300w, http:\/\/bmwahl.thomas-schaefer.de\/wp-content\/uploads\/2017\/10\/hackschnitzel.jpg 401w\" sizes=\"(max-width: 403px) 100vw, 403px\" \/>Wesentlichstes Projekt in den zur\u00fcckliegenden Jahren war der weitere <strong>Ausbau der Fernw\u00e4rmeversorgung in Hemmingen<\/strong>. Die von der Gemeinde in Auftrag gegebene Machbarkeitsstudie zeigte, dass auch im westlichen und nordwestlichen Bereich der Gemeinde ein gro\u00dfer Bedarf f\u00fcr den Umstieg auf Fernw\u00e4rme gegeben war. Zwar konnte die Netzerweiterung zwar nicht genossenschaftlich gestemmt werden, doch baute die Naturenergie Glemstal unter Einbeziehung der Biogas-Anlage Huber auf dem Seehof das Netz weiter aus.<\/p>\n<p>Zwischenzeitlich werden j\u00e4hrlich <strong>15.000 MWh\/a Strom<\/strong> und <strong>20.000 MWh\/a Nahw\u00e4rme erneuerbar erzeugt<\/strong>. Beinahe <strong>2.000 Wohnungen<\/strong> sind <strong>angeschlossen<\/strong> und <strong>j\u00e4hrlich<\/strong> werden so <strong>6.600 Tonnen CO2 eingespart<\/strong>.<br \/>\nDie meisten der <strong>kommunalen Geb\u00e4ude<\/strong> sind mittlerweile <strong>an die Fernw\u00e4rme angeschlossen<\/strong> und der <strong>Strom<\/strong>, der von der Gemeinde bezogen wird, ist mittlerweile auch vollst\u00e4ndig <strong>aus regenerativen\u00a0<\/strong><b>Ressourcen<\/b>.<\/p>\n<p>Hemmingen kann also mit Fug und Recht von sich sagen, dass es eine Bioenergie-Gemeinde ist!<br \/>\nNicht umsonst hei\u00dft der Slogan des <a href=\"https:\/\/www.google.de\/url?sa=t&amp;rct=j&amp;q=&amp;esrc=s&amp;source=web&amp;cd=1&amp;cad=rja&amp;uact=8&amp;ved=0ahUKEwiXlsSH2MPWAhXKNxQKHWZ0ANAQtwIIJzAA&amp;url=https%3A%2F%2Fwww.youtube.com%2Fwatch%3Fv%3D-N-lJh7EXMY&amp;usg=AFQjCNF5XhM-MOI2u9_6kCrozZHxyZulyQ\">Image-Films auch: Hemmingen hat Energie!<\/a><\/p>\n<p>&nbsp;<\/p>\n<p>&nbsp;<\/p>\n<p><img loading=\"lazy\" class=\" wp-image-451 alignleft\" src=\"http:\/\/bmwahl.thomas-schaefer.de\/wp-content\/uploads\/2017\/10\/ausgleichsflaeche_eisenbahnstrasse_20170428_142528-300x225.jpg\" alt=\"\" width=\"195\" height=\"146\" srcset=\"http:\/\/bmwahl.thomas-schaefer.de\/wp-content\/uploads\/2017\/10\/ausgleichsflaeche_eisenbahnstrasse_20170428_142528-300x225.jpg 300w, http:\/\/bmwahl.thomas-schaefer.de\/wp-content\/uploads\/2017\/10\/ausgleichsflaeche_eisenbahnstrasse_20170428_142528-768x576.jpg 768w, http:\/\/bmwahl.thomas-schaefer.de\/wp-content\/uploads\/2017\/10\/ausgleichsflaeche_eisenbahnstrasse_20170428_142528.jpg 1024w\" sizes=\"(max-width: 195px) 100vw, 195px\" \/><\/p>\n<p>Gemeindeentwicklung und damit verbundene Ma\u00dfnahmen bedeuten meist auch, dass bislang landwirtschaftliche Fl\u00e4chen in Beschlag genommen werden. So ist es immer auch ein Abw\u00e4gen mit den Belangen der Landwirtschaft, um den Ort voran zu bringen.<br \/>\nDar\u00fcber hinaus ist naturschutzrechtlich geregelt, dass Ausgleichsfl\u00e4chen ausgewiesen werden m\u00fcssen, wenn Fl\u00e4chen versiegelt werden.<br \/>\nSo musste zwingend neuer <strong>Lebensraum f\u00fcr Rebh\u00fchner<\/strong> geschaffen werden, die auf den jetzigen Fl\u00e4chen des Baugebiet &#8222;H\u00e4lde&#8220; gesichtet worden waren.<br \/>\nF\u00fcr eine <strong>Trassenverschiebung der Strohg\u00e4ubahn<\/strong> im Bereich des Heimerdinger Waldes und die damit verbundene Abholzung von 4.000 m\u00b2 Wald war es ebenfalls notwendig, 8.000 m\u00b2 Fl\u00e4che aufzutun, wo die Ersatz-Waldfl\u00e4chen noch im Laufes des Herbstes 2017 angepflanzt werden k\u00f6nnen.<br \/>\nZuletzt wurde f\u00fcr den <strong>Bebauungsplan &#8222;Eisenbahnstra\u00dfe&#8220;<\/strong> im Bereich Zeilwald noch eine Fl\u00e4che von 4.000 m\u00b2 Wald aufgeforstet.<\/p>\n<p>&nbsp;<\/p>\n<p><img loading=\"lazy\" class=\" wp-image-452 alignleft\" src=\"http:\/\/bmwahl.thomas-schaefer.de\/wp-content\/uploads\/2017\/10\/roden_eschentriebsterben_20170428_153558-300x225.jpg\" alt=\"\" width=\"195\" height=\"146\" srcset=\"http:\/\/bmwahl.thomas-schaefer.de\/wp-content\/uploads\/2017\/10\/roden_eschentriebsterben_20170428_153558-300x225.jpg 300w, http:\/\/bmwahl.thomas-schaefer.de\/wp-content\/uploads\/2017\/10\/roden_eschentriebsterben_20170428_153558-768x576.jpg 768w, http:\/\/bmwahl.thomas-schaefer.de\/wp-content\/uploads\/2017\/10\/roden_eschentriebsterben_20170428_153558.jpg 1024w\" sizes=\"(max-width: 195px) 100vw, 195px\" \/>F\u00fcr den Wald freut es mich, dass es zugewinnen konnte! Wir sind immer noch stolz darauf, eine <strong>waldbesitzende Gemeinde mit etwa 130 ha Wald<\/strong> zu sein. Die neuerliche Forsteinrichtung hat uns auch wieder best\u00e4tigt, dass der Wald sehr gut da steht und unser Revierf\u00f6rster zusammen mit unseren Waldarbeitern einen sehr guten Job macht!<br \/>\nZwischenzeitlich ist der <strong>Wald<\/strong> nicht mehr die Sparkasse, wie in fr\u00fcheren Jahren. Vielmehr steht die <strong>Erholungsfunktion<\/strong> im Vordergrund. Trotzdem ist es ein Anliegen, auch wirtschaftlich mit dem Wald zu agieren und dort auch ann\u00e4hernd eine schwarze Null zu schaffen.<\/p>\n<p>&nbsp;<\/p>\n<p><img loading=\"lazy\" class=\" wp-image-453 alignleft\" src=\"http:\/\/bmwahl.thomas-schaefer.de\/wp-content\/uploads\/2017\/10\/Holzverkauf-300x225.jpg\" alt=\"\" width=\"445\" height=\"334\" srcset=\"http:\/\/bmwahl.thomas-schaefer.de\/wp-content\/uploads\/2017\/10\/Holzverkauf-300x225.jpg 300w, http:\/\/bmwahl.thomas-schaefer.de\/wp-content\/uploads\/2017\/10\/Holzverkauf-768x576.jpg 768w, http:\/\/bmwahl.thomas-schaefer.de\/wp-content\/uploads\/2017\/10\/Holzverkauf.jpg 1024w\" sizes=\"(max-width: 445px) 100vw, 445px\" \/>Ein Highlight ist nach wie vor die jedes Jahr stattfindende <strong>Brennholz-Versteigerung<\/strong>. Teilweise werden fast schon astronomische Preise geboten, doch den K\u00e4mmerer freut es und mir als Auktionator macht es auch einen gro\u00dfen Spa\u00df!<\/p>\n<p>&nbsp;<\/p>\n<p>&nbsp;<\/p>\n\n<div class=\"twitter-share\"><a href=\"https:\/\/twitter.com\/intent\/tweet?via=dotcomtomde\" class=\"twitter-share-button\">Twittern<\/a><\/div>\n","protected":false},"excerpt":{"rendered":"<p>Die vergangenen Jahre wurden genutzt, um verschiedene Projekte im Bereich der energetischen Sanierung durchzuf\u00fchren. So wurde der Kindergarten Hauptstra\u00dfe mit Mitteln aus dem Landessanierungsprogramm energetisch saniert. Ebenso wurde die &#8222;Alte Sporthalle&#8220; unter Verwendung von Mitteln aus dem &#8222;Konjunkturpaket II&#8220; energetisch<\/p>\n","protected":false},"author":1,"featured_media":0,"parent":0,"menu_order":0,"comment_status":"closed","ping_status":"closed","template":"","meta":[],"_links":{"self":[{"href":"http:\/\/bmwahl.thomas-schaefer.de\/index.php?rest_route=\/wp\/v2\/pages\/165"}],"collection":[{"href":"http:\/\/bmwahl.thomas-schaefer.de\/index.php?rest_route=\/wp\/v2\/pages"}],"about":[{"href":"http:\/\/bmwahl.thomas-schaefer.de\/index.php?rest_route=\/wp\/v2\/types\/page"}],"author":[{"embeddable":true,"href":"http:\/\/bmwahl.thomas-schaefer.de\/index.php?rest_route=\/wp\/v2\/users\/1"}],"replies":[{"embeddable":true,"href":"http:\/\/bmwahl.thomas-schaefer.de\/index.php?rest_route=%2Fwp%2Fv2%2Fcomments&post=165"}],"version-history":[{"count":12,"href":"http:\/\/bmwahl.thomas-schaefer.de\/index.php?rest_route=\/wp\/v2\/pages\/165\/revisions"}],"predecessor-version":[{"id":491,"href":"http:\/\/bmwahl.thomas-schaefer.de\/index.php?rest_route=\/wp\/v2\/pages\/165\/revisions\/491"}],"wp:attachment":[{"href":"http:\/\/bmwahl.thomas-schaefer.de\/index.php?rest_route=%2Fwp%2Fv2%2Fmedia&parent=165"}],"curies":[{"name":"wp","href":"https:\/\/api.w.org\/{rel}","templated":true}]}}