{"id":168,"date":"2017-09-26T18:53:31","date_gmt":"2017-09-26T18:53:31","guid":{"rendered":"http:\/\/bmwahl.thomas-schaefer.de\/?page_id=168"},"modified":"2017-10-10T15:05:40","modified_gmt":"2017-10-10T15:05:40","slug":"wirtschaft-arbeit","status":"publish","type":"page","link":"http:\/\/bmwahl.thomas-schaefer.de\/?page_id=168","title":{"rendered":"Wirtschaft &#038; Arbeit"},"content":{"rendered":"<p><img loading=\"lazy\" class=\"size-medium wp-image-352 alignleft\" src=\"http:\/\/bmwahl.thomas-schaefer.de\/wp-content\/uploads\/2017\/09\/helukabel_IMG-20110617-00014-300x225.jpg\" alt=\"\" width=\"300\" height=\"225\" srcset=\"http:\/\/bmwahl.thomas-schaefer.de\/wp-content\/uploads\/2017\/09\/helukabel_IMG-20110617-00014-300x225.jpg 300w, http:\/\/bmwahl.thomas-schaefer.de\/wp-content\/uploads\/2017\/09\/helukabel_IMG-20110617-00014-768x576.jpg 768w, http:\/\/bmwahl.thomas-schaefer.de\/wp-content\/uploads\/2017\/09\/helukabel_IMG-20110617-00014.jpg 1024w\" sizes=\"(max-width: 300px) 100vw, 300px\" \/><\/p>\n<p>Zweifellos befindet sich Hemmingen mit seiner Lage in der Region Stuttgart in einer der wirtschaftlich st\u00e4rksten Regionen Deutschlands. Und nur wenn es den \u00f6rtlichen Firmen gut geht, geht es auch der Kommune gut.<br \/>\nZwar konnten keine neuen Fl\u00e4chen f\u00fcr das Gewerbe ausgewiesen werden, doch war die Wirtschaftsf\u00f6rderung in den vergangenen Jahren davon gepr\u00e4gt, <strong>ortsans\u00e4ssigen Firmen Entwicklungsm\u00f6glichkeiten zu geben<\/strong>.<\/p>\n<p>So wurde der Bebauungsplan &#8222;Gewerbegebiet n\u00f6rdlich der M\u00fcnchinger Stra\u00dfe, Teil II&#8220; ge\u00e4ndert, um der <strong><a href=\"http:\/\/www.helukabel.de\">Firma Helukabel<\/a><\/strong> eine <strong>Erweiterung des Hochregallagers<\/strong> zu erm\u00f6glichen.<\/p>\n<p>In der Gemeinderatssitzung am 10. Oktober 2017 wird die \u00c4nderung des Bebauungsplans angesto\u00dfen, um Helukabel die Realisierung der <strong>Verwaltungszentrale<\/strong> in der Verl\u00e4ngerung des Hochregallagers zwischen der M\u00fcnchinger Stra\u00dfe und der Schlo\u00dfhaldenstra\u00dfe zu erm\u00f6glichen.<\/p>\n<p>&nbsp;<\/p>\n<p><img loading=\"lazy\" class=\"size-medium wp-image-267 alignleft\" src=\"http:\/\/bmwahl.thomas-schaefer.de\/wp-content\/uploads\/2017\/09\/IMG_20161121_093916-300x225.jpg\" alt=\"\" width=\"300\" height=\"225\" srcset=\"http:\/\/bmwahl.thomas-schaefer.de\/wp-content\/uploads\/2017\/09\/IMG_20161121_093916-300x225.jpg 300w, http:\/\/bmwahl.thomas-schaefer.de\/wp-content\/uploads\/2017\/09\/IMG_20161121_093916-768x576.jpg 768w, http:\/\/bmwahl.thomas-schaefer.de\/wp-content\/uploads\/2017\/09\/IMG_20161121_093916-1024x768.jpg 1024w\" sizes=\"(max-width: 300px) 100vw, 300px\" \/><\/p>\n<p>Nach dem Erwerb und Abriss der Tennishalle an der Ecke Freiherr-von-Varnb\u00fcler-Stra\u00dfe\/Saarstra\u00dfe konnte das Grundst\u00fcck an die \u00f6rtliche Firma <strong>&#8222;<a href=\"http:\/\/the-best-solution.com\/?action=pagina&amp;id=82&amp;title=Start\">TBS &#8211; The Best Solution<\/a>&#8222;<\/strong> ver\u00e4u\u00dfert werden, die dort nun ihre neue <strong>Deutschland-Niederlassung<\/strong> errichtet hat und zusammen mit der niederl\u00e4ndischen Mutter in 50 L\u00e4nder ihre Spezialkabel liefert.<\/p>\n<p>Ein weiterer gemeindlicher Gewerbebauplatz konnte ver\u00e4u\u00dfert werden und mit der <strong><a href=\"http:\/\/www.kientsch-industriebau.de\/\">Fa. Kientsch\u00a0<\/a><a href=\"http:\/\/www.kientsch-industriebau.de\/\">Industriebau<\/a><\/strong> konnte ein neuer Gewerbebetrieb in Hemmingen begr\u00fc\u00dft werden. Im Geb\u00e4ude ist zudem die bereits in Hemmingen ans\u00e4ssige <a href=\"https:\/\/www.bauer-elektro-technik.de\/\"><strong>Firma Bauer Elektrotechnik<\/strong><\/a> an einem neuen Standort eingezogen.<\/p>\n<p>&nbsp;<\/p>\n<p>Dar\u00fcber hinaus wurde immer versucht, im Rahmen der geltenden Vergabevorschriften \u00f6rtliche Unternehmen in Ma\u00dfnahmen der Gemeinde mit einzubeziehen.<\/p>\n<p>Der Dialog mit den Gewerbetreibenden war mir immer wichtig. Deshalb hat es mich auch gefreut, dass es nach verschiedenen Anl\u00e4ufen im Jahr 2011 gelang, einen <strong>Unternehmerverein<\/strong> Hemmingen &#8211; <strong><a href=\"http:\/\/www.wiso-hemmingen.de\">WiSO (Wirtschaftsstandort) Hemmingen<\/a><\/strong> zu gr\u00fcnden, bei dem die Gemeinde auch gleich Mitglied wurde. Eine weitere M\u00f6glichkeit zum Austausch aktueller Themen.<\/p>\n<p>Durch die \u00c4nderung des Regionalplans wurde die M\u00f6glichkeiten geschaffen, auf Fl\u00e4chen der Gemeinde Schwieberdingen im Bereich der Schnellbahntrasse weitere <strong>Gewerbefl\u00e4chen<\/strong> auszuweisen, die als Vorgabe des Verbands Region Stuttgart <strong>interkommunal<\/strong> entwickelt werden sollen. Hier\u00fcber mit Schwieberdingen und m\u00f6glichen weiteren Partner zu diskutieren ist vor dem Hintergrund der zur\u00fcckgegangenen Gewerbesteuern und den nicht mehr vorhandenen eigenen Fl\u00e4chen notwendig und geboten!<\/p>\n<p>Erfreulich ist auch, dass die <strong>Zahl der Arbeitspl\u00e4tze<\/strong> in Hemmingen seit 2010 <strong>um gut 7% gestiegen<\/strong> ist und nun ca. 1.650 Menschen in Hemmingen arbeiten.<\/p>\n<p>&nbsp;<\/p>\n<p>&nbsp;<\/p>\n\n<div class=\"twitter-share\"><a href=\"https:\/\/twitter.com\/intent\/tweet?via=dotcomtomde\" class=\"twitter-share-button\">Twittern<\/a><\/div>\n","protected":false},"excerpt":{"rendered":"<p>Zweifellos befindet sich Hemmingen mit seiner Lage in der Region Stuttgart in einer der wirtschaftlich st\u00e4rksten Regionen Deutschlands. Und nur wenn es den \u00f6rtlichen Firmen gut geht, geht es auch der Kommune gut. Zwar konnten keine neuen Fl\u00e4chen f\u00fcr das<\/p>\n","protected":false},"author":1,"featured_media":0,"parent":0,"menu_order":0,"comment_status":"closed","ping_status":"closed","template":"","meta":[],"_links":{"self":[{"href":"http:\/\/bmwahl.thomas-schaefer.de\/index.php?rest_route=\/wp\/v2\/pages\/168"}],"collection":[{"href":"http:\/\/bmwahl.thomas-schaefer.de\/index.php?rest_route=\/wp\/v2\/pages"}],"about":[{"href":"http:\/\/bmwahl.thomas-schaefer.de\/index.php?rest_route=\/wp\/v2\/types\/page"}],"author":[{"embeddable":true,"href":"http:\/\/bmwahl.thomas-schaefer.de\/index.php?rest_route=\/wp\/v2\/users\/1"}],"replies":[{"embeddable":true,"href":"http:\/\/bmwahl.thomas-schaefer.de\/index.php?rest_route=%2Fwp%2Fv2%2Fcomments&post=168"}],"version-history":[{"count":9,"href":"http:\/\/bmwahl.thomas-schaefer.de\/index.php?rest_route=\/wp\/v2\/pages\/168\/revisions"}],"predecessor-version":[{"id":498,"href":"http:\/\/bmwahl.thomas-schaefer.de\/index.php?rest_route=\/wp\/v2\/pages\/168\/revisions\/498"}],"wp:attachment":[{"href":"http:\/\/bmwahl.thomas-schaefer.de\/index.php?rest_route=%2Fwp%2Fv2%2Fmedia&parent=168"}],"curies":[{"name":"wp","href":"https:\/\/api.w.org\/{rel}","templated":true}]}}