{"id":171,"date":"2017-09-26T18:54:35","date_gmt":"2017-09-26T18:54:35","guid":{"rendered":"http:\/\/bmwahl.thomas-schaefer.de\/?page_id=171"},"modified":"2017-10-10T14:49:57","modified_gmt":"2017-10-10T14:49:57","slug":"bildung-betreuung","status":"publish","type":"page","link":"http:\/\/bmwahl.thomas-schaefer.de\/?page_id=171","title":{"rendered":"Bildung &#038; Betreuung"},"content":{"rendered":"<p><img loading=\"lazy\" class=\"size-medium wp-image-476 alignleft\" src=\"http:\/\/bmwahl.thomas-schaefer.de\/wp-content\/uploads\/2017\/10\/shooting_eingang_kinderhaus-300x200.jpg\" alt=\"\" width=\"300\" height=\"200\" srcset=\"http:\/\/bmwahl.thomas-schaefer.de\/wp-content\/uploads\/2017\/10\/shooting_eingang_kinderhaus-300x200.jpg 300w, http:\/\/bmwahl.thomas-schaefer.de\/wp-content\/uploads\/2017\/10\/shooting_eingang_kinderhaus-768x512.jpg 768w, http:\/\/bmwahl.thomas-schaefer.de\/wp-content\/uploads\/2017\/10\/shooting_eingang_kinderhaus.jpg 1024w\" sizes=\"(max-width: 300px) 100vw, 300px\" \/><\/p>\n<p>Gerade im Bereich Bildung und Betreuung hat sich sehr viel in den letzten Jahren entwickelt. Die gro\u00dfen Themen in Hemmingen waren die <strong>Einf\u00fchrung des Rechtsanspruchs f\u00fcr die Betreuung von Kindern unter 3 Jahren<\/strong> und die <strong>Diskussionen \u00fcber die Weiterentwicklung der Schullandschaft<\/strong>.<\/p>\n<p>Ausgangspunkt war im Jahr 2009 die Ansage des Landes, dass Werkrealschulen zuk\u00fcnftig mindestens zweiz\u00fcgig sein m\u00fcssten. Dies konnte weder Hemmingen noch Schwieberdingen alleine erreichen. Eine gemeinsame Werkrealschule, m\u00f6glicherweise mit den Klassen 5-7 am einen und den Klassen 8-10 am anderen Standort, scheiterten leider am Veto aus Schwieberdingen.<br \/>\nDer Regierungswechsel im Jahr 2011 tat sein \u00dcbriges und mit dem geplanten <strong>Wegfall der verbindlichen Grundschulempfehlung<\/strong> war klar, dass dies zwangsl\u00e4ufig wohl das <strong>Ende der Werkrealschulen<\/strong> bedeuten w\u00fcrde.<br \/>\nDeshalb wurde auch die schon geplante energetische Sanierung des Kindergartens Seestra\u00dfe gestoppt und die Mittel aus dem Konjunkturpaket II daf\u00fcr verwendet, die Sporthalle I energetisch zu sanieren.<br \/>\nGleichzeitig wurde von Seiten der Schulleitung der Realschule Schwieberdingen-Hemmingen das Thema forciert, die Realschule zu einer Gemeinschaftsschule weiterzuentwickeln. Dies aus dem Grund, dass mit dem Wegfall der Grundschulempfehlung die Heterogenit\u00e4t der Sch\u00fclerschaft noch gr\u00f6\u00dfer werden w\u00fcrde und man mit einer Gemeinschaftsschule, an der die Bildungspl\u00e4ne von Haupt- und Realschule sowie Gymnasium unterrichtet werde, darauf reagieren k\u00f6nnte.<\/p>\n<p><img loading=\"lazy\" class=\"size-medium wp-image-409 alignleft\" src=\"http:\/\/bmwahl.thomas-schaefer.de\/wp-content\/uploads\/2017\/09\/shooting2017_kinderhaus-300x200.jpg\" alt=\"\" width=\"300\" height=\"200\" srcset=\"http:\/\/bmwahl.thomas-schaefer.de\/wp-content\/uploads\/2017\/09\/shooting2017_kinderhaus-300x200.jpg 300w, http:\/\/bmwahl.thomas-schaefer.de\/wp-content\/uploads\/2017\/09\/shooting2017_kinderhaus-768x512.jpg 768w, http:\/\/bmwahl.thomas-schaefer.de\/wp-content\/uploads\/2017\/09\/shooting2017_kinderhaus.jpg 1024w\" sizes=\"(max-width: 300px) 100vw, 300px\" \/><\/p>\n<p>Gleichzeitig mit dieser Diskussion wurde von Seiten der Verwaltung und Teilen des Gemeinderats das Thema forciert, einen Einbau des Kindergartens in das Geb\u00e4ude West (Bau V) der Grund- und Werkrealschule zu pr\u00fcfen. Durch den Wegfall der Werkrealschule w\u00e4ren Schulr\u00e4ume frei, so die Mehrheit der Bef\u00fcrworter dieser L\u00f6sung. Mit der Mehrheit einer Stimme wurde im Oktober 2011 grunds\u00e4tzlich beschlossen, den Kindergarten in das Schulgeb\u00e4ude zu verlagern und keinen Neubau zu errichten. Verschiedene weitere Diskussionen erfolgten, bevor dann endg\u00fcltig der Bau V f\u00fcr <strong>3 Kindergarten-Gruppen<\/strong> und <strong>2 Krippen-Gruppen<\/strong> umgebaut wurde.<\/p>\n<p>Die damaligen Sorgen und Kritiken l\u00f6sten sich in Wohlgefallen auf und zwischenzeitlich hat sich das Kinderhaus Eberdinger Stra\u00dfe zum Kinder- und Familienzentrum weiterentwickelt und wird h\u00e4ufig als Referenzobjekt besucht.<\/p>\n<p><img loading=\"lazy\" class=\"size-medium wp-image-424 alignleft\" src=\"http:\/\/bmwahl.thomas-schaefer.de\/wp-content\/uploads\/2017\/10\/Realschule-300x226.jpg\" alt=\"\" width=\"300\" height=\"226\" srcset=\"http:\/\/bmwahl.thomas-schaefer.de\/wp-content\/uploads\/2017\/10\/Realschule-300x226.jpg 300w, http:\/\/bmwahl.thomas-schaefer.de\/wp-content\/uploads\/2017\/10\/Realschule-768x578.jpg 768w, http:\/\/bmwahl.thomas-schaefer.de\/wp-content\/uploads\/2017\/10\/Realschule-1024x771.jpg 1024w, http:\/\/bmwahl.thomas-schaefer.de\/wp-content\/uploads\/2017\/10\/Realschule.jpg 1360w\" sizes=\"(max-width: 300px) 100vw, 300px\" \/>Mit dem<strong> Schuljahr 2013\/2014<\/strong> startete in der 2. Tranche der <strong>Gemeinschaftsschulen<\/strong> auch die bisherige Realschule Schwieberdingen-Hemmingen, die bald in<strong> Glemstalschule Schwieberdingen-Hemmingen<\/strong> umbenannt wurde.<br \/>\nZwischen drei und f\u00fcnf Z\u00fcgen umfassen die Jahrg\u00e4nge, die nun in den Klassenstufen 5-9 als Gemeinschaftsschule unterrichtet werden. Ein letzter Jahrgang, die Klassenstufe 10 wird im Sommer 2018 das Kapitel Realschule beschlie\u00dfen.<\/p>\n<p>Die Antragstellung der Gemeinschaftsschule umfasste auch eine Erw\u00e4hnung, dass <strong>bei einer entsprechenden Nachfrage eine Oberstufe angestrebt<\/strong> wird. Hier ist die mehrheitliche Hemminger und meine pers\u00f6nliche Haltung, dass die <strong>Nachfrage aus den bisherigen Gemeinden als Einzugsgebiet der Realschule also Hochdorf, Schwieberdingen und Hemmingen<\/strong> gemeint ist.\u00a0Zwischenzeitlich ist es aber leider so, dass die Sch\u00fcler aus dem Gebiet des Gemeindeverwaltungsverbandes Schwieberdingen-Hemmingen (GVV) gerade noch etwas 50% ausmachen!<br \/>\nVon den beiden Gemeinder\u00e4ten in Schwieberdingen und Hemmingen und schlie\u00dflich in der Verbandsversammlung des GVV wurde erkl\u00e4rt, dass <strong>keine Sekundarstufe II<\/strong> errichtet werden soll. Dies auch vor dem Hintergrund, dass nach Abschluss der mittleren Reife auch wie bei der bisherigen Realschule das Abitur auf dem beruflichen Gymnasium m\u00f6glich ist, sowie auch ein allgemeinbildendes Gymnasium in den Klassen 10-12 besucht werden kann, um das Abitur dort zu machen.<\/p>\n<p>Unabh\u00e4ngig davon stehen beide Gemeinden zu ihrer Aufgabe als Schultr\u00e4ger, die notwendigen <strong>Sanierungen<\/strong> f\u00fcr die urspr\u00fcnglichen R\u00e4umlichkeiten der Realschule und die notwendige <strong>Schaffung von R\u00e4umlichkeiten<\/strong> f\u00fcr die Sekundarstufe I der Gemeinschaftsschule gemeinsam zu bewerkstelligen. Eine Machbarkeitsstudie aus dem Jahr 2016 geht von einer <strong>Investitionssumme von 13-15 Mio. EUR<\/strong> aus, die auch nach einer m\u00f6glichen F\u00f6rderung durch das Land Baden-W\u00fcrttemberg noch betr\u00e4chtliche Summen f\u00fcr die beiden Schultr\u00e4ger-Gemeinden aufwerfen wird.<\/p>\n<p><img loading=\"lazy\" class=\" wp-image-411 alignleft\" src=\"http:\/\/bmwahl.thomas-schaefer.de\/wp-content\/uploads\/2017\/09\/shooting2017_schulhof-300x200.jpg\" alt=\"\" width=\"350\" height=\"233\" srcset=\"http:\/\/bmwahl.thomas-schaefer.de\/wp-content\/uploads\/2017\/09\/shooting2017_schulhof-300x200.jpg 300w, http:\/\/bmwahl.thomas-schaefer.de\/wp-content\/uploads\/2017\/09\/shooting2017_schulhof-768x512.jpg 768w, http:\/\/bmwahl.thomas-schaefer.de\/wp-content\/uploads\/2017\/09\/shooting2017_schulhof.jpg 1024w\" sizes=\"(max-width: 350px) 100vw, 350px\" \/> <img loading=\"lazy\" class=\" wp-image-410 alignleft\" src=\"http:\/\/bmwahl.thomas-schaefer.de\/wp-content\/uploads\/2017\/09\/shooting2017_schule-300x200.jpg\" alt=\"\" width=\"350\" height=\"233\" srcset=\"http:\/\/bmwahl.thomas-schaefer.de\/wp-content\/uploads\/2017\/09\/shooting2017_schule-300x200.jpg 300w, http:\/\/bmwahl.thomas-schaefer.de\/wp-content\/uploads\/2017\/09\/shooting2017_schule-768x512.jpg 768w, http:\/\/bmwahl.thomas-schaefer.de\/wp-content\/uploads\/2017\/09\/shooting2017_schule.jpg 1024w\" sizes=\"(max-width: 350px) 100vw, 350px\" \/>Die Hemminger Grund- und Werkrealschule ist seit dem Schuljahr 2017\/2018 nur noch eine Grundschule. Der letzte Jahrgang, eine Klasse 9, wurde im Sommer 2017 verabschiedet.<br \/>\nSchon im Vorgriff auf die zuk\u00fcnftige reine Grundschule, wurde beim letzten Sanierungsabschnitt, der <strong>Neugestaltung des Schulhofs<\/strong>, die <strong>Konzeption auf die Nutzung durch Grundsch\u00fcler<\/strong> ausgerichtet.<br \/>\nNeben der Verbindung der beiden Schulh\u00f6fe westlich und \u00f6stlich des Grundschulgeb\u00e4udes wurde das vom F\u00f6rderverein finanzierte Kletterger\u00fcst wieder aufgebaut und die <strong>Parkpl\u00e4tze von Schule und Kinderhaus neu gestaltet<\/strong>.<\/p>\n<p>Die Ganztagesbetreuung in den Kinderg\u00e4rten setzt sich zwischenzeitlich auch auf die Grundschule fort. Ich bin froh, dass es keine Bestrebungen f\u00fcr eine Ganztagesgrundschule in Hemmingen gibt. Mit der <strong>Verl\u00e4sslichen Grundschule<\/strong> und der <strong>Hortbetreuung<\/strong> ist Hemmingen sehr gut aufgestellt. Zum Schuljahr 2016\/2017 wurde zus\u00e4tzlich zu den 2 bestehenden Hort-Gruppen noch eine halbe weitere Gruppe er\u00f6ffnet, die nun zum Schuljahr 2017\/2018 auf eine vollst\u00e4ndige <strong>3. Gruppe<\/strong> erweitert wurde.<\/p>\n<p>Die Betreuung von Kindern vor dem 3. Lebensjahr brachte es auch mit sich, dass in der <strong>Kita Schlosspark<\/strong> (fr\u00fcher: Kindergarten Hirschstra\u00dfe) ebenfalls eine <strong>Krippen-Gruppe<\/strong> eingerichtet wurde.<\/p>\n<p>Weiter wurde der <strong>Kindergarten Blohnstra\u00dfe<\/strong> reaktiviert und dort eine <strong>Kindergarten-Ganztagesgruppe<\/strong> eingerichtet.<\/p>\n<p><img loading=\"lazy\" class=\" wp-image-261 alignleft\" src=\"http:\/\/bmwahl.thomas-schaefer.de\/wp-content\/uploads\/2017\/09\/IMG_20161004_163934-300x225.jpg\" alt=\"\" width=\"200\" height=\"150\" srcset=\"http:\/\/bmwahl.thomas-schaefer.de\/wp-content\/uploads\/2017\/09\/IMG_20161004_163934-300x225.jpg 300w, http:\/\/bmwahl.thomas-schaefer.de\/wp-content\/uploads\/2017\/09\/IMG_20161004_163934-768x576.jpg 768w, http:\/\/bmwahl.thomas-schaefer.de\/wp-content\/uploads\/2017\/09\/IMG_20161004_163934-1024x768.jpg 1024w\" sizes=\"(max-width: 200px) 100vw, 200px\" \/>Zum Kindergartenjahr 2016\/2017 wurde der <strong>Kindergarten Seestra\u00dfe<\/strong> wieder er\u00f6ffnet, um der gesteigerten Nachfrage aus dem Baugebiet &#8222;H\u00e4lde&#8220; und weiterer Zuz\u00fcge gerecht zu werden. Die Planungen f\u00fcr den Neubau des <strong>Kindergarten in der H\u00e4lde<\/strong> verz\u00f6gerten sich aufgrund der Diskussion um den Standort und den Bau m\u00f6glicher<strong> Wohnungen auf dem Kindergarten<\/strong>, so dass der Spatenstich erst im April 2017 erfolgen konnte. Diese Einrichtung mit <strong>2 Kita- und 1-Krippen-Gruppe<\/strong> wird im Fr\u00fchjahr 2018 bezugsfertig sein.<\/p>\n<p>Ende September 2017 begann der Umbau des Gymnastikraums des <strong>Kindergartens Hauptstra\u00dfe<\/strong>. Lange Jahre war der <strong>Gymnastikraum<\/strong> neben dem Kindergartenbetrieb auch von weiteren Nutzern wie der Spielstube, der Rheuma-Liga und der Singgemeinschaft genutzt. Nach der Fertigstellung des B\u00fcrgertreffs im Geb\u00e4ude M\u00fcnchinger Stra\u00dfe 2, konnten die Spielstube und die Rheuma-Liga dorthin umziehen. Die Singgemeinschaft fand in der Aula der Schule ein neues Probelokal.<br \/>\nDamit stand der Gymnastikraum alleine dem Kindergarten zu Verf\u00fcgung. Um die \u00dcbergangszeit bis zur Fertigstellung des Kindergartens &#8222;H\u00e4lde&#8220; zu \u00fcberbr\u00fccken, wird wohl eine Interims-Gruppe mit maximal 15 Kindern notwendig sein. Um dem Kindergarten Hauptstra\u00dfe zuk\u00fcnftig eine gr\u00f6\u00dfere Flexibilit\u00e4t zu bieten, wird der<strong> 140 m\u00b2<\/strong> gro\u00dfe <strong>Gymnastikraum in drei R\u00e4ume aufgeteilt<\/strong>. Einen <strong>Bewegungsraum<\/strong> mit 70m\u00b2 und zwei weitere R\u00e4ume, die als <strong>Kleingruppenraum<\/strong> und <strong>Personalraum<\/strong> genutzt werden k\u00f6nnen.<br \/>\nBis zur Fertigstellung der Kita &#8222;H\u00e4lde&#8220; kann dort dann eine Interims-Gruppe untergebracht werden.<\/p>\n<p>Zum 01. Oktober 2017 konnte ein weiterer Baustein in der Hemminger Betreuungslandschaft starten: Ein &#8222;<strong>Kindernest<\/strong>&#8220; &#8211; Der offizielle Name ist eine &#8222;<strong>Kindertagespflege in anderen geeigneten R\u00e4umen<\/strong>&#8222;. Dabei handelt es sich um eine Gruppe von bis zu 9 Kindern unter 3 Jahre, die von einer Erzieherin und weiteren qualifizierten Tagesbetreuungspersonen betreut werden.<\/p>\n<p>Neben den Kindertagesst\u00e4tten und der Hortbetreuung nimmt das Hemminger <strong>Kinder- und Jugendhaus &#8222;Astergarten&#8220;<\/strong> einen wichtigen Part in der Begleitung Jugendlicher und junger Erwachsener ein.<br \/>\nDurch die T\u00e4tigkeit des Schulsozialarbeiters zu 50% an der Schule und zu 50% im Jugendhaus gibt es hier sehr gute Vernetzungen und die Fortf\u00fchrung eines bestehenden Vertrauensverh\u00e4ltnisses.<br \/>\nDie weitere 100%-Stelle wird von der <strong>Paulinenpflege<\/strong> &#8222;eingekauft&#8220; und die Gemeinde hat mit diesem &#8222;<strong>Outsourcing-Modell<\/strong>&#8220; sehr gute Erfahrungen gemacht.<br \/>\nDas eingespielte Team ist <strong>Ansprechpartner f\u00fcr die Besucher des Jugendhauses in allen Lebenslagen<\/strong> und gerade auch die Arbeit mit den Jugendlichen im Hinblick auf Bewerbungen und Vorstellungsgespr\u00e4che war ein wichtiger Bestandteil der Aufgaben.<\/p>\n<p>&nbsp;<\/p>\n<p>&nbsp;<\/p>\n<p>&nbsp;<\/p>\n<p>&nbsp;<\/p>\n<p>&nbsp;<\/p>\n<p>&nbsp;<\/p>\n\n<div class=\"twitter-share\"><a href=\"https:\/\/twitter.com\/intent\/tweet?via=dotcomtomde\" class=\"twitter-share-button\">Twittern<\/a><\/div>\n","protected":false},"excerpt":{"rendered":"<p>Gerade im Bereich Bildung und Betreuung hat sich sehr viel in den letzten Jahren entwickelt. Die gro\u00dfen Themen in Hemmingen waren die Einf\u00fchrung des Rechtsanspruchs f\u00fcr die Betreuung von Kindern unter 3 Jahren und die Diskussionen \u00fcber die Weiterentwicklung der<\/p>\n","protected":false},"author":1,"featured_media":0,"parent":0,"menu_order":0,"comment_status":"closed","ping_status":"closed","template":"","meta":[],"_links":{"self":[{"href":"http:\/\/bmwahl.thomas-schaefer.de\/index.php?rest_route=\/wp\/v2\/pages\/171"}],"collection":[{"href":"http:\/\/bmwahl.thomas-schaefer.de\/index.php?rest_route=\/wp\/v2\/pages"}],"about":[{"href":"http:\/\/bmwahl.thomas-schaefer.de\/index.php?rest_route=\/wp\/v2\/types\/page"}],"author":[{"embeddable":true,"href":"http:\/\/bmwahl.thomas-schaefer.de\/index.php?rest_route=\/wp\/v2\/users\/1"}],"replies":[{"embeddable":true,"href":"http:\/\/bmwahl.thomas-schaefer.de\/index.php?rest_route=%2Fwp%2Fv2%2Fcomments&post=171"}],"version-history":[{"count":8,"href":"http:\/\/bmwahl.thomas-schaefer.de\/index.php?rest_route=\/wp\/v2\/pages\/171\/revisions"}],"predecessor-version":[{"id":488,"href":"http:\/\/bmwahl.thomas-schaefer.de\/index.php?rest_route=\/wp\/v2\/pages\/171\/revisions\/488"}],"wp:attachment":[{"href":"http:\/\/bmwahl.thomas-schaefer.de\/index.php?rest_route=%2Fwp%2Fv2%2Fmedia&parent=171"}],"curies":[{"name":"wp","href":"https:\/\/api.w.org\/{rel}","templated":true}]}}