{"id":174,"date":"2017-09-26T18:54:54","date_gmt":"2017-09-26T18:54:54","guid":{"rendered":"http:\/\/bmwahl.thomas-schaefer.de\/?page_id=174"},"modified":"2017-10-10T15:00:34","modified_gmt":"2017-10-10T15:00:34","slug":"sicherheit-ordnung","status":"publish","type":"page","link":"http:\/\/bmwahl.thomas-schaefer.de\/?page_id=174","title":{"rendered":"Sicherheit &#038; Ordnung"},"content":{"rendered":"<p><a name=\"anfang\"><\/a><br \/>\n<a href=\"#Ordnungsamt\">Ordnungsamt und Sicherheitsdienst<\/a><br \/>\n<a href=\"#RotesKreuz\">Deutsches Rotes Kreuz<\/a><br \/>\n<a href=\"#Hilfsfristen\">Hilfsfristen im Rettungsdienst<\/a><br \/>\n<a href=\"#Feuerwehr\">Freiwillige Feuerwehr Hemmingen<\/a><\/p>\n<p>&nbsp;<\/p>\n<p><strong><a name=\"Ordnungsamt\"><\/a>Ordnungsamt und Sicherheitsdienst<\/strong><br \/>\nIn den Jahren 2008\/2009 gab es h\u00e4ufig Beschwerden wegen Ruhest\u00f6rungen und Verm\u00fcllungen im Ortsgebiet. In Zusammenarbeit von Polizei, Jugendhaus und Ordnungsamt wurde die &#8222;<strong>Gelbe Karte<\/strong>&#8220; entwickelt. Diese sollte, analog der Anwendung im Sport, m\u00f6glichen Verursachern eine letzte Warnung sein, bevor ein Bu\u00dfgeld verh\u00e4ngt wird. So wird zum Gespr\u00e4ch auf das Ordnungsamt eingeladen und der Tatbestand und m\u00f6gliche Konsequenzen aufgezeigt. Wird das Gespr\u00e4chsangebot abgelehnt, wird gleich ein Ordnungswidrigkeitenverfahren eingeleitet.<br \/>\nUm die Arbeit von Gemeindevollzugsdienst und Polizei zu unterst\u00fctzen, ist seit 2010 auch regelm\u00e4\u00dfig ein privater Dienst im Einsatz, der auf die Einhaltung der Polizeiverordnung und der Spielplatz-Benutzungsordnungen hinwirkt.<br \/>\nIn den letzten 5, 6 Jahren und mit der Inbetriebnahme des Familienfreizeitplatzes, an dem ein Aufenthalt auch nach 22 Uhr m\u00f6glich ist, haben sich die Beschwerden sehr stark reduziert und auch Verm\u00fcllungen und Vandalismus treten weniger h\u00e4ufig auf.<\/p>\n<p><strong><a name=\"RotesKreuz\"><\/a>Deutsches Rotes Kreuz<\/strong><\/p>\n<p>Das Deutsche Rote Kreuz, Ortsverein Hemmingen, ist ein wichtiger Baustein in der Sicherheitsstruktur Hemmingens. Bei entsprechender Alarmierung der Feuerwehr r\u00fcckt auch die Bereitschaft des DRK Hemmingen aus. Auch der Dienst am N\u00e4chsten wird mit drei Blutspende-Aktionen in Hemmingen im Jahr ausge\u00fcbt. Die Ehrung der <strong>Blutspender<\/strong> wird, um auch das Bewusstsein f\u00fcr diesen selbstlosen Dienst hervorzuheben, zwischenzeitlich im Rahmen einer Gemeinderatssitzung und damit \u00f6ffentlichkeitswirksam durchgef\u00fchrt.<br \/>\nAuch das Angebot des Roten Kreuzes, den &#8222;Helfer vor Ort&#8220;-Dienst in Hemmingen einzuf\u00fchren und so noch vor dem Eintreffen des Rettungsdienstes Erste Hilfe leisten zu k\u00f6nnen, stie\u00df bei der Gemeinde auf offene Ohren und so wurden drei Einsatz-Rucks\u00e4cke finanziert.<br \/>\nErfreulich ist auch, dass zwischenzeitlich ein Mitarbeiter des Rathauses als &#8222;<strong>Helfer vor Ort<\/strong>&#8220; das DRK unterst\u00fctzt.<br \/>\nF\u00fcr die Ersatzbeschaffung eines neuen Einsatzfahrzeuges wurden auch kommunale Gelder bereitgestellt und gemeinsam Spenden akquiriert.<br \/>\nNachdem der jetzige Standort des DRK-Fuhrparkes durch Eigent\u00fcmerwechsel aufgegeben werden muss, konnte durch den nahenden Auszug der Feuerwehr aus dem Geb\u00e4ude Seestra\u00dfe 46 ein ad\u00e4quater Ersatz angeboten werden.<\/p>\n<p><strong><a name=\"Hilfsfristen\"><\/a>Hilfsfristen im Rettungsdienst<\/strong><\/p>\n<p>Die vom damaligen Landtagsabgeordneten und Gemeinderat Wolfgang Stehmer eingeforderten und sodann ver\u00f6ffentlichen Zahlen waren erschreckend: Die gesetzliche vorgeschriebene Hilfsfrist, dass in 95% der F\u00e4lle der (bodengebundene) Rettungsdienst in 15 Minuten im Einsatzort eintrifft wurde h\u00e4ufig nicht eingehalten.<br \/>\nRegelm\u00e4\u00dfiges Nachfassen und die Behandlung des Themas im Gemeinderat sorgten daf\u00fcr, dass zwischenzeitlich die <strong>Rettungswache in Ditzingen weiter ausgebaut<\/strong> wurde und dort nun auch weitere Kapazit\u00e4ten bei den Notarzteinsatzfahrzeugen (NEF) und Krankentransportwagen (KTW) vorgehalten werden.<br \/>\nMit einer vom <strong>Hemminger Gemeinderat<\/strong> verabschiedeten <strong>Resolution<\/strong> wurde auch daf\u00fcr geworben, dass der <strong>Krankenhaus Standort Leonberg<\/strong> erhalten bleibt um zum einen eine wohnortnahe und noch durch den Altkreis Leonberg bedingte tradierte medizinische Versorgung aufrecht zu erhalten und von dort auch eine Sicherstellung des Rettungsdienstes zu erm\u00f6glichen.<\/p>\n<p><strong><a name=\"Feuerwehr\"><\/a>Freiwillige Feuerwehr Hemmingen<\/strong><\/p>\n<p><img loading=\"lazy\" class=\"wp-image-275 alignleft\" src=\"http:\/\/bmwahl.thomas-schaefer.de\/wp-content\/uploads\/2017\/09\/IMG_20170609_145824-300x225.jpg\" alt=\"\" width=\"253\" height=\"190\" srcset=\"http:\/\/bmwahl.thomas-schaefer.de\/wp-content\/uploads\/2017\/09\/IMG_20170609_145824-300x225.jpg 300w, http:\/\/bmwahl.thomas-schaefer.de\/wp-content\/uploads\/2017\/09\/IMG_20170609_145824-768x576.jpg 768w, http:\/\/bmwahl.thomas-schaefer.de\/wp-content\/uploads\/2017\/09\/IMG_20170609_145824-1024x768.jpg 1024w\" sizes=\"(max-width: 253px) 100vw, 253px\" \/><img loading=\"lazy\" class=\"wp-image-362 alignleft\" src=\"http:\/\/bmwahl.thomas-schaefer.de\/wp-content\/uploads\/2017\/09\/mtws_feuerwehr-300x199.jpg\" alt=\"\" width=\"288\" height=\"191\" srcset=\"http:\/\/bmwahl.thomas-schaefer.de\/wp-content\/uploads\/2017\/09\/mtws_feuerwehr-300x199.jpg 300w, http:\/\/bmwahl.thomas-schaefer.de\/wp-content\/uploads\/2017\/09\/mtws_feuerwehr.jpg 750w\" sizes=\"(max-width: 288px) 100vw, 288px\" \/>Die Freiwillige Feuerwehr Hemmingen ist gut aufgestellt! Dies ist eine der Kernaussagen des Feuerwehr-Bedarfsplans, der vom Gemeinderat in Auftrag gegeben worden war um die zuk\u00fcnftige Entwicklung im Hinblick auf den Fuhrpark und das schon lange angedachte neue Feuerwehrger\u00e4tehaus zu konkretisieren und gegen\u00fcber dem Landratsamt als Zuschussgeber zu dokumentieren.<\/p>\n<p>&nbsp;<\/p>\n<p><img loading=\"lazy\" class=\" wp-image-219 alignleft\" src=\"http:\/\/bmwahl.thomas-schaefer.de\/wp-content\/uploads\/2017\/09\/20170926_163147-300x300.jpg\" alt=\"\" width=\"349\" height=\"349\" srcset=\"http:\/\/bmwahl.thomas-schaefer.de\/wp-content\/uploads\/2017\/09\/20170926_163147-300x300.jpg 300w, http:\/\/bmwahl.thomas-schaefer.de\/wp-content\/uploads\/2017\/09\/20170926_163147-150x150.jpg 150w, http:\/\/bmwahl.thomas-schaefer.de\/wp-content\/uploads\/2017\/09\/20170926_163147-768x768.jpg 768w, http:\/\/bmwahl.thomas-schaefer.de\/wp-content\/uploads\/2017\/09\/20170926_163147-1024x1024.jpg 1024w, http:\/\/bmwahl.thomas-schaefer.de\/wp-content\/uploads\/2017\/09\/20170926_163147-230x230.jpg 230w, http:\/\/bmwahl.thomas-schaefer.de\/wp-content\/uploads\/2017\/09\/20170926_163147-365x365.jpg 365w, http:\/\/bmwahl.thomas-schaefer.de\/wp-content\/uploads\/2017\/09\/20170926_163147.jpg 1080w\" sizes=\"(max-width: 349px) 100vw, 349px\" \/><\/p>\n<p>Die Anzahl der Ehrenamtlichen ist im Gegensatz zu vielen anderen Kommunen auch bei der <strong>Tagesverf\u00fcgbarkeit noch ausreichend<\/strong> und durch die <strong>sehr gute Arbeit in der Jugendfeuerwehr<\/strong> wird auch immer wieder Nachwuchs f\u00fcr die aktive Wehr generiert.<\/p>\n<p>Wichtige Aussage war auch, dass der schon einigen Jahren im Fokus liegende Bauplatz f\u00fcr ein <strong>neues Feuerwehrger\u00e4tehaus<\/strong> im Gewerbegebiet, Konrad-Haller-Stra\u00dfe 11, auch einsatztaktisch richtig gew\u00e4hlt ist. Von dort k\u00f6nnen alle inner\u00f6rtlichen Bereiche im Alarmfall innerhalb der vorgegebenen Zeit von 5 Minuten erreicht werden.<\/p>\n<p>Nachdem schlussendlich es von der notwendigen Fl\u00e4chendisposition keinen Sinn macht, Feuerwehr und Bauhof gemeinsam zu errichten, wurde beschlossen, dass Feuerwehrger\u00e4tehaus als alleinstehendes Geb\u00e4ude zu errichten. In den Jahren 2016\/2017 liefen umfangreichen Planungen, von denen die Feuerwehr einen gro\u00dfen Teil, weit \u00fcber das normale Ma\u00df hinaus \u00fcbernommen hat.<br \/>\nDer Bau soll durch einen Generalunternehmen erfolgen und nach den ersten nun begonnenen Arbeiten soll das neue Feuerwehr-Magazin im Herbst 2018 fertiggestellt sein. Die Kosten belaufen sich auf etwa 3,5 Mio. EUR.<\/p>\n<p><img loading=\"lazy\" class=\"wp-image-277 alignleft\" src=\"http:\/\/bmwahl.thomas-schaefer.de\/wp-content\/uploads\/2017\/09\/IMG_20170819_15401501-211x300.jpg\" alt=\"\" width=\"214\" height=\"304\" srcset=\"http:\/\/bmwahl.thomas-schaefer.de\/wp-content\/uploads\/2017\/09\/IMG_20170819_15401501-211x300.jpg 211w, http:\/\/bmwahl.thomas-schaefer.de\/wp-content\/uploads\/2017\/09\/IMG_20170819_15401501-768x1092.jpg 768w, http:\/\/bmwahl.thomas-schaefer.de\/wp-content\/uploads\/2017\/09\/IMG_20170819_15401501-720x1024.jpg 720w\" sizes=\"(max-width: 214px) 100vw, 214px\" \/><\/p>\n<p><img loading=\"lazy\" class=\"size-medium wp-image-212 alignleft\" src=\"http:\/\/bmwahl.thomas-schaefer.de\/wp-content\/uploads\/2017\/09\/20160611_142836-300x300.jpg\" alt=\"\" width=\"300\" height=\"300\" srcset=\"http:\/\/bmwahl.thomas-schaefer.de\/wp-content\/uploads\/2017\/09\/20160611_142836-300x300.jpg 300w, http:\/\/bmwahl.thomas-schaefer.de\/wp-content\/uploads\/2017\/09\/20160611_142836-150x150.jpg 150w, http:\/\/bmwahl.thomas-schaefer.de\/wp-content\/uploads\/2017\/09\/20160611_142836-768x768.jpg 768w, http:\/\/bmwahl.thomas-schaefer.de\/wp-content\/uploads\/2017\/09\/20160611_142836-1024x1024.jpg 1024w, http:\/\/bmwahl.thomas-schaefer.de\/wp-content\/uploads\/2017\/09\/20160611_142836-230x230.jpg 230w, http:\/\/bmwahl.thomas-schaefer.de\/wp-content\/uploads\/2017\/09\/20160611_142836-365x365.jpg 365w, http:\/\/bmwahl.thomas-schaefer.de\/wp-content\/uploads\/2017\/09\/20160611_142836.jpg 1080w\" sizes=\"(max-width: 300px) 100vw, 300px\" \/>Nach der Fertigstellung des neuen Feuerwehr-Magazins wird es dann notwendig sein, f\u00fcr die in die Jahre gekommene <strong>Drehleiter<\/strong> eine <strong>Ersatzbeschaffung<\/strong> zu t\u00e4tigen. &#8222;Florian Hemmingen 33&#8220; ist Baujahr 1986 und sollte mit den dann hergestellten f\u00fcr die heutige Norm passenden Fahrzeugboxen einen ad\u00e4quaten Nachfolger erhalten. Hierbei wird es dann auch notwendig sein, den Gegenwert eines Einfamilienhauses daf\u00fcr zu investieren!<\/p>\n<p><a href=\"#anfang\">top<\/a><\/p>\n\n<div class=\"twitter-share\"><a href=\"https:\/\/twitter.com\/intent\/tweet?via=dotcomtomde\" class=\"twitter-share-button\">Twittern<\/a><\/div>\n","protected":false},"excerpt":{"rendered":"<p>Ordnungsamt und Sicherheitsdienst Deutsches Rotes Kreuz Hilfsfristen im Rettungsdienst Freiwillige Feuerwehr Hemmingen &nbsp; Ordnungsamt und Sicherheitsdienst In den Jahren 2008\/2009 gab es h\u00e4ufig Beschwerden wegen Ruhest\u00f6rungen und Verm\u00fcllungen im Ortsgebiet. In Zusammenarbeit von Polizei, Jugendhaus und Ordnungsamt wurde die &#8222;Gelbe<\/p>\n","protected":false},"author":1,"featured_media":0,"parent":0,"menu_order":0,"comment_status":"closed","ping_status":"closed","template":"","meta":[],"_links":{"self":[{"href":"http:\/\/bmwahl.thomas-schaefer.de\/index.php?rest_route=\/wp\/v2\/pages\/174"}],"collection":[{"href":"http:\/\/bmwahl.thomas-schaefer.de\/index.php?rest_route=\/wp\/v2\/pages"}],"about":[{"href":"http:\/\/bmwahl.thomas-schaefer.de\/index.php?rest_route=\/wp\/v2\/types\/page"}],"author":[{"embeddable":true,"href":"http:\/\/bmwahl.thomas-schaefer.de\/index.php?rest_route=\/wp\/v2\/users\/1"}],"replies":[{"embeddable":true,"href":"http:\/\/bmwahl.thomas-schaefer.de\/index.php?rest_route=%2Fwp%2Fv2%2Fcomments&post=174"}],"version-history":[{"count":16,"href":"http:\/\/bmwahl.thomas-schaefer.de\/index.php?rest_route=\/wp\/v2\/pages\/174\/revisions"}],"predecessor-version":[{"id":495,"href":"http:\/\/bmwahl.thomas-schaefer.de\/index.php?rest_route=\/wp\/v2\/pages\/174\/revisions\/495"}],"wp:attachment":[{"href":"http:\/\/bmwahl.thomas-schaefer.de\/index.php?rest_route=%2Fwp%2Fv2%2Fmedia&parent=174"}],"curies":[{"name":"wp","href":"https:\/\/api.w.org\/{rel}","templated":true}]}}