{"id":180,"date":"2017-09-26T18:55:28","date_gmt":"2017-09-26T18:55:28","guid":{"rendered":"http:\/\/bmwahl.thomas-schaefer.de\/?page_id=180"},"modified":"2017-10-10T14:59:07","modified_gmt":"2017-10-10T14:59:07","slug":"vereine-kultur","status":"publish","type":"page","link":"http:\/\/bmwahl.thomas-schaefer.de\/?page_id=180","title":{"rendered":"Vereine &#038; Kultur"},"content":{"rendered":"<p><img loading=\"lazy\" class=\"size-medium wp-image-385 alignleft\" src=\"http:\/\/bmwahl.thomas-schaefer.de\/wp-content\/uploads\/2017\/09\/shooting2017_ogv_hutwiesle-300x200.jpg\" alt=\"\" width=\"300\" height=\"200\" srcset=\"http:\/\/bmwahl.thomas-schaefer.de\/wp-content\/uploads\/2017\/09\/shooting2017_ogv_hutwiesle-300x200.jpg 300w, http:\/\/bmwahl.thomas-schaefer.de\/wp-content\/uploads\/2017\/09\/shooting2017_ogv_hutwiesle-768x512.jpg 768w, http:\/\/bmwahl.thomas-schaefer.de\/wp-content\/uploads\/2017\/09\/shooting2017_ogv_hutwiesle.jpg 1024w\" sizes=\"(max-width: 300px) 100vw, 300px\" \/><strong>Mehr als 40 Vereine<\/strong> bilden mit ihrem b\u00fcrgerschaftlichen Engagement das <strong>R\u00fcckgrat der Zivilgesellschaft\u00a0 in der Gemeinde<\/strong>.<\/p>\n<p>Mir war es immer wichtig, die Arbeit der Verein nach Kr\u00e4ften zu f\u00f6rdern!<\/p>\n<p>Neben dem regelm\u00e4\u00dfigen Austausch bei Vereinsbesprechungen und Hauptversammlungen hatte ich immer ein offenes Ohr f\u00fcr die Anliegen der Vereine.<br \/>\nSo galt es verschiedene Projekte gemeinsam mit den Vereinen und dem Gemeinderat umzusetzen:<\/p>\n<ul>\n<li><strong>Hangsicherung bei der Schie\u00dfbahn des Hemminger Sch\u00fctzenvereins<\/strong><\/li>\n<li><strong>Zurverf\u00fcgstellung einer Fl\u00e4che f\u00fcr den Obst- und Gartenbauverein f\u00fcr einen Lehrgarten<\/strong><\/li>\n<li><strong>Durchf\u00fchrung des Gau-Kinderturnfestes durch den GSV Hemmingen<\/strong><\/li>\n<li><strong>Durchf\u00fchrung des Landestreffens der Spielmanns- und Fanfarenz\u00fcge<\/strong><\/li>\n<li><strong>Sanierung des Etterhofs und Einrichtung von ortsgeschichtlichen R\u00e4umen<\/strong><\/li>\n<li><strong>Sanierung des GSV-Clubheims<\/strong><\/li>\n<\/ul>\n<p><img loading=\"lazy\" class=\"alignnone size-medium wp-image-390\" src=\"http:\/\/bmwahl.thomas-schaefer.de\/wp-content\/uploads\/2017\/09\/shooting2017_etterhof-300x200.jpg\" alt=\"\" width=\"300\" height=\"200\" srcset=\"http:\/\/bmwahl.thomas-schaefer.de\/wp-content\/uploads\/2017\/09\/shooting2017_etterhof-300x200.jpg 300w, http:\/\/bmwahl.thomas-schaefer.de\/wp-content\/uploads\/2017\/09\/shooting2017_etterhof-768x512.jpg 768w, http:\/\/bmwahl.thomas-schaefer.de\/wp-content\/uploads\/2017\/09\/shooting2017_etterhof.jpg 1024w\" sizes=\"(max-width: 300px) 100vw, 300px\" \/><\/p>\n<p><img loading=\"lazy\" class=\"size-medium wp-image-235 alignleft\" src=\"http:\/\/bmwahl.thomas-schaefer.de\/wp-content\/uploads\/2017\/09\/fassanstich4-1-300x199.jpg\" alt=\"\" width=\"300\" height=\"199\" srcset=\"http:\/\/bmwahl.thomas-schaefer.de\/wp-content\/uploads\/2017\/09\/fassanstich4-1-300x199.jpg 300w, http:\/\/bmwahl.thomas-schaefer.de\/wp-content\/uploads\/2017\/09\/fassanstich4-1-768x510.jpg 768w, http:\/\/bmwahl.thomas-schaefer.de\/wp-content\/uploads\/2017\/09\/fassanstich4-1-1024x680.jpg 1024w\" sizes=\"(max-width: 300px) 100vw, 300px\" \/><img loading=\"lazy\" class=\" wp-image-228 alignleft\" src=\"http:\/\/bmwahl.thomas-schaefer.de\/wp-content\/uploads\/2017\/09\/DSC_1199-1-199x300.jpg\" alt=\"\" width=\"131\" height=\"197\" srcset=\"http:\/\/bmwahl.thomas-schaefer.de\/wp-content\/uploads\/2017\/09\/DSC_1199-1-199x300.jpg 199w, http:\/\/bmwahl.thomas-schaefer.de\/wp-content\/uploads\/2017\/09\/DSC_1199-1-768x1156.jpg 768w, http:\/\/bmwahl.thomas-schaefer.de\/wp-content\/uploads\/2017\/09\/DSC_1199-1-680x1024.jpg 680w\" sizes=\"(max-width: 131px) 100vw, 131px\" \/>Eine gro\u00dfartige Leistung, insbesondere der Vereine, die daf\u00fcr sogar\u00a0eine Fest-GbR gr\u00fcndeten, war es das <strong>Stra\u00dfenfest mit einer neuen\u00a0Konzeption<\/strong> auf die Beine zu stellen. Statt in der Blohnstra\u00dfe\/Hirschstra\u00dfe fand das <strong>1. Hemminger Fleckenfest<\/strong> im Juli 2016 auf dem Alten Schulplatz statt. Die Zusammenarbeit aller Beteiligten war hervorragend und zusammen mit bestem Sommerwetter w\u00fcrde es eine tolles Fest und eine gelungene Premiere! Ich freue mich schon auf das 2. Fleckenfest im Juli 2018!<\/p>\n<p>&nbsp;<\/p>\n<p><img loading=\"lazy\" class=\"wp-image-386 alignleft\" src=\"http:\/\/bmwahl.thomas-schaefer.de\/wp-content\/uploads\/2017\/09\/kulturnacht-262x300.gif\" alt=\"\" width=\"234\" height=\"268\" \/>Mittlerweile schon richtig zu einer Institution geworden ist die <strong>Hemminger Kulturnacht<\/strong>. Zum 4. Mal fand sie am 23. September 2017 statt und hat sich mittlerweile als das Highlight im &#8222;Nicht-Stra\u00dfenfest-Jahr&#8220; etabliert. So viele unterschiedliche Angebote<\/p>\n<p>und Ideen werden unter der Federf\u00fchrung der DistelART-Damen auf die Beine gestellt, dass es mir ein leichtes und eine Freude ist, Schirmherr dieser Veranstaltung zu sein. Da auch Petrus Fan der Kulturnacht zu sein scheint, bezieht sich Schirmherrschaft zum Gl\u00fcck nicht auf die w\u00f6rtliche Aus\u00fcbung sondern die Unterst\u00fctzung im Hintergrund.<\/p>\n<p>&nbsp;<\/p>\n<p>&nbsp;<\/p>\n<p><strong><br \/>\nAuch die Kultur soll in Hemmingen nicht zu kurz kommen!<\/strong><\/p>\n<p><img loading=\"lazy\" class=\"alignnone size-medium wp-image-343\" src=\"http:\/\/bmwahl.thomas-schaefer.de\/wp-content\/uploads\/2017\/09\/20130614_083234-180x300.jpg\" alt=\"\" width=\"180\" height=\"300\" srcset=\"http:\/\/bmwahl.thomas-schaefer.de\/wp-content\/uploads\/2017\/09\/20130614_083234-180x300.jpg 180w, http:\/\/bmwahl.thomas-schaefer.de\/wp-content\/uploads\/2017\/09\/20130614_083234.jpg 481w\" sizes=\"(max-width: 180px) 100vw, 180px\" \/> <img loading=\"lazy\" class=\"alignnone wp-image-342\" src=\"http:\/\/bmwahl.thomas-schaefer.de\/wp-content\/uploads\/2017\/09\/DSC_8556-300x199.jpg\" alt=\"\" width=\"452\" height=\"300\" srcset=\"http:\/\/bmwahl.thomas-schaefer.de\/wp-content\/uploads\/2017\/09\/DSC_8556-300x199.jpg 300w, http:\/\/bmwahl.thomas-schaefer.de\/wp-content\/uploads\/2017\/09\/DSC_8556-768x510.jpg 768w, http:\/\/bmwahl.thomas-schaefer.de\/wp-content\/uploads\/2017\/09\/DSC_8556-1024x680.jpg 1024w\" sizes=\"(max-width: 452px) 100vw, 452px\" \/><\/p>\n<p>Zwar befinden wir uns in unmittelbarer\u00a0Nachbarschaft zu St\u00e4dten, die ein\u00a0gro\u00dfes, auch ins Umland strahlendes Kulturangebot anbieten, doch werden kulturelle Akzente auch in Hemmingen von der Bev\u00f6lkerung sehr gut angenommen!<\/p>\n<p><img loading=\"lazy\" class=\"wp-image-337 alignleft\" src=\"http:\/\/bmwahl.thomas-schaefer.de\/wp-content\/uploads\/2017\/09\/fv_schwaebischerdialekt_180913-300x204.jpg\" alt=\"\" width=\"255\" height=\"173\" srcset=\"http:\/\/bmwahl.thomas-schaefer.de\/wp-content\/uploads\/2017\/09\/fv_schwaebischerdialekt_180913-300x204.jpg 300w, http:\/\/bmwahl.thomas-schaefer.de\/wp-content\/uploads\/2017\/09\/fv_schwaebischerdialekt_180913-768x522.jpg 768w, http:\/\/bmwahl.thomas-schaefer.de\/wp-content\/uploads\/2017\/09\/fv_schwaebischerdialekt_180913.jpg 887w\" sizes=\"(max-width: 255px) 100vw, 255px\" \/><img loading=\"lazy\" class=\" wp-image-319 alignleft\" src=\"http:\/\/bmwahl.thomas-schaefer.de\/wp-content\/uploads\/2017\/09\/Pan.-He.06.-04-018-300x222.jpg\" alt=\"\" width=\"232\" height=\"172\" srcset=\"http:\/\/bmwahl.thomas-schaefer.de\/wp-content\/uploads\/2017\/09\/Pan.-He.06.-04-018-300x222.jpg 300w, http:\/\/bmwahl.thomas-schaefer.de\/wp-content\/uploads\/2017\/09\/Pan.-He.06.-04-018-768x568.jpg 768w, http:\/\/bmwahl.thomas-schaefer.de\/wp-content\/uploads\/2017\/09\/Pan.-He.06.-04-018-1024x757.jpg 1024w\" sizes=\"(max-width: 232px) 100vw, 232px\" \/>Ohne eigenes Kulturamt wird von der Bibliothek ein regelm\u00e4\u00dfiges Angebot mit Lesungen f\u00fcr Jung und Alt und auch wiederkehrenden Theaterst\u00fccken angeboten.<\/p>\n<p>Dar\u00fcber hinaus wurden von mir in der Vergangenheit immer wieder kulturelle Ereignisse organisiert:<\/p>\n<p>&nbsp;<\/p>\n<p>&nbsp;<\/p>\n<ul>\n<li><strong>Bildhauer-Symposium im Schlosspark<\/strong><\/li>\n<li><strong>Mundart-Abend zusammen mit dem F\u00f6rderverein Schw\u00e4bischer Dialekt<\/strong><\/li>\n<li><strong>Benefiz-Konzert mit dem Landespolizeiorchester f\u00fcr das Projekt &#8222;Klasse 2000&#8220;<\/strong><\/li>\n<li><strong>Konzert von &#8222;Wendrsonn&#8220;<\/strong><\/li>\n<li><strong>1. Hemminger Zauber-Gala<\/strong><\/li>\n<\/ul>\n<p><img loading=\"lazy\" class=\"alignnone size-medium wp-image-336\" src=\"http:\/\/bmwahl.thomas-schaefer.de\/wp-content\/uploads\/2017\/09\/vorankuendigung_bildhauer-symposium-149x300.jpg\" alt=\"\" width=\"149\" height=\"300\" srcset=\"http:\/\/bmwahl.thomas-schaefer.de\/wp-content\/uploads\/2017\/09\/vorankuendigung_bildhauer-symposium-149x300.jpg 149w, http:\/\/bmwahl.thomas-schaefer.de\/wp-content\/uploads\/2017\/09\/vorankuendigung_bildhauer-symposium-768x1547.jpg 768w, http:\/\/bmwahl.thomas-schaefer.de\/wp-content\/uploads\/2017\/09\/vorankuendigung_bildhauer-symposium-508x1024.jpg 508w, http:\/\/bmwahl.thomas-schaefer.de\/wp-content\/uploads\/2017\/09\/vorankuendigung_bildhauer-symposium.jpg 1228w\" sizes=\"(max-width: 149px) 100vw, 149px\" \/><img loading=\"lazy\" class=\"alignnone size-medium wp-image-315\" src=\"http:\/\/bmwahl.thomas-schaefer.de\/wp-content\/uploads\/2017\/09\/flyer-zaubergala_seite1_ausverkauft-213x300.jpg\" alt=\"\" width=\"213\" height=\"300\" srcset=\"http:\/\/bmwahl.thomas-schaefer.de\/wp-content\/uploads\/2017\/09\/flyer-zaubergala_seite1_ausverkauft-213x300.jpg 213w, http:\/\/bmwahl.thomas-schaefer.de\/wp-content\/uploads\/2017\/09\/flyer-zaubergala_seite1_ausverkauft-768x1083.jpg 768w, http:\/\/bmwahl.thomas-schaefer.de\/wp-content\/uploads\/2017\/09\/flyer-zaubergala_seite1_ausverkauft-726x1024.jpg 726w, http:\/\/bmwahl.thomas-schaefer.de\/wp-content\/uploads\/2017\/09\/flyer-zaubergala_seite1_ausverkauft.jpg 1240w\" sizes=\"(max-width: 213px) 100vw, 213px\" \/><img loading=\"lazy\" class=\"alignnone size-medium wp-image-252\" src=\"http:\/\/bmwahl.thomas-schaefer.de\/wp-content\/uploads\/2017\/09\/IMG_20160409_165316-225x300.jpg\" alt=\"\" width=\"225\" height=\"300\" srcset=\"http:\/\/bmwahl.thomas-schaefer.de\/wp-content\/uploads\/2017\/09\/IMG_20160409_165316-225x300.jpg 225w, http:\/\/bmwahl.thomas-schaefer.de\/wp-content\/uploads\/2017\/09\/IMG_20160409_165316-768x1024.jpg 768w\" sizes=\"(max-width: 225px) 100vw, 225px\" \/><\/p>\n<p>Nach dem erfolgreichen Konzert von &#8222;Wendrsonn&#8220; wird es am 14. April 2018 eine Neuauflage geben und auch die Zauber-Gala wird mit Unterst\u00fctzung des Lokalmatadors Dennis Lomprich im Jahr 2019 wieder in Hemmingen Station machen!<\/p>\n<p>&nbsp;<\/p>\n<p>&nbsp;<\/p>\n\n<div class=\"twitter-share\"><a href=\"https:\/\/twitter.com\/intent\/tweet?via=dotcomtomde\" class=\"twitter-share-button\">Twittern<\/a><\/div>\n","protected":false},"excerpt":{"rendered":"<p>Mehr als 40 Vereine bilden mit ihrem b\u00fcrgerschaftlichen Engagement das R\u00fcckgrat der Zivilgesellschaft\u00a0 in der Gemeinde. Mir war es immer wichtig, die Arbeit der Verein nach Kr\u00e4ften zu f\u00f6rdern! Neben dem regelm\u00e4\u00dfigen Austausch bei Vereinsbesprechungen und Hauptversammlungen hatte ich immer<\/p>\n","protected":false},"author":1,"featured_media":0,"parent":0,"menu_order":0,"comment_status":"closed","ping_status":"closed","template":"","meta":[],"_links":{"self":[{"href":"http:\/\/bmwahl.thomas-schaefer.de\/index.php?rest_route=\/wp\/v2\/pages\/180"}],"collection":[{"href":"http:\/\/bmwahl.thomas-schaefer.de\/index.php?rest_route=\/wp\/v2\/pages"}],"about":[{"href":"http:\/\/bmwahl.thomas-schaefer.de\/index.php?rest_route=\/wp\/v2\/types\/page"}],"author":[{"embeddable":true,"href":"http:\/\/bmwahl.thomas-schaefer.de\/index.php?rest_route=\/wp\/v2\/users\/1"}],"replies":[{"embeddable":true,"href":"http:\/\/bmwahl.thomas-schaefer.de\/index.php?rest_route=%2Fwp%2Fv2%2Fcomments&post=180"}],"version-history":[{"count":11,"href":"http:\/\/bmwahl.thomas-schaefer.de\/index.php?rest_route=\/wp\/v2\/pages\/180\/revisions"}],"predecessor-version":[{"id":493,"href":"http:\/\/bmwahl.thomas-schaefer.de\/index.php?rest_route=\/wp\/v2\/pages\/180\/revisions\/493"}],"wp:attachment":[{"href":"http:\/\/bmwahl.thomas-schaefer.de\/index.php?rest_route=%2Fwp%2Fv2%2Fmedia&parent=180"}],"curies":[{"name":"wp","href":"https:\/\/api.w.org\/{rel}","templated":true}]}}