{"id":414,"date":"2017-10-04T06:08:16","date_gmt":"2017-10-04T06:08:16","guid":{"rendered":"http:\/\/bmwahl.thomas-schaefer.de\/?page_id=414"},"modified":"2017-10-10T15:02:35","modified_gmt":"2017-10-10T15:02:35","slug":"verkehr-oepnv","status":"publish","type":"page","link":"http:\/\/bmwahl.thomas-schaefer.de\/?page_id=414","title":{"rendered":"Verkehr &#038; \u00d6PNV"},"content":{"rendered":"<p><strong>Stra\u00dfenverkehr<\/strong><br \/>\n<img loading=\"lazy\" class=\"size-medium wp-image-257 alignleft\" src=\"http:\/\/bmwahl.thomas-schaefer.de\/wp-content\/uploads\/2017\/09\/IMG_20160708_10224801-300x149.jpg\" alt=\"\" width=\"300\" height=\"149\" srcset=\"http:\/\/bmwahl.thomas-schaefer.de\/wp-content\/uploads\/2017\/09\/IMG_20160708_10224801-300x149.jpg 300w, http:\/\/bmwahl.thomas-schaefer.de\/wp-content\/uploads\/2017\/09\/IMG_20160708_10224801-768x382.jpg 768w, http:\/\/bmwahl.thomas-schaefer.de\/wp-content\/uploads\/2017\/09\/IMG_20160708_10224801-1024x510.jpg 1024w\" sizes=\"(max-width: 300px) 100vw, 300px\" \/>Stuttgart gilt als Stau-Hauptstadt Deutschlands, wenn nicht sogar Europas und Hemmingen liegt mitten im Speckg\u00fcrtel der Landeshauptstadt, zentral im Dreieck zwischen der Autobahn 81, der B10 und der Autobahn A8.<br \/>\nLeider konnte die <strong>Nordrandstra\u00dfe<\/strong> nicht verwirklicht werden, die ein erster Einstieg in das Thema Verkehrsentlastung in der Ortsmitte gewesen w\u00e4re. Durch den Regierungswechsel im Jahr 2011 wurden die Finanzierungsmittel umgeschichtet und mehr Geld in den \u00d6PNV und weniger in den Stra\u00dfenbau gegeben. Die Nordrandstra\u00dfe war zwar aufgenommen im Programm nach dem Landesgemeindeverkehrsfinanzierungsgesetzes (LGVFG), doch konnte der letztlich notwendige Bewilligungsbescheid nicht mehr erwirkt werden und das Angebot der Gemeinde, die Nordrandstra\u00dfe vorzufinanzieren wurde ebenfalls abgelehnt.<\/p>\n<p><img loading=\"lazy\" class=\"size-medium wp-image-420 alignleft\" src=\"http:\/\/bmwahl.thomas-schaefer.de\/wp-content\/uploads\/2017\/10\/freigabe_k1690-300x200.jpg\" alt=\"\" width=\"300\" height=\"200\" srcset=\"http:\/\/bmwahl.thomas-schaefer.de\/wp-content\/uploads\/2017\/10\/freigabe_k1690-300x200.jpg 300w, http:\/\/bmwahl.thomas-schaefer.de\/wp-content\/uploads\/2017\/10\/freigabe_k1690-768x512.jpg 768w, http:\/\/bmwahl.thomas-schaefer.de\/wp-content\/uploads\/2017\/10\/freigabe_k1690.jpg 1024w\" sizes=\"(max-width: 300px) 100vw, 300px\" \/>In der Folge wurden verschiedene Ma\u00dfnahmen ergriffen, um Verbesserungen f\u00fcr den Ort in Sachen Verkehr zu erreichen: Die Gemeinde hat auf eigene Kosten ein Jahr lang eine Stickstoffdioxid-Messung in der Hauptstra\u00dfe durchf\u00fchren lassen. Wie von uns prognostiziert wurden die Grenzwerte \u00fcberschritten und in der Folge wurde vom Regierungspr\u00e4sidium Stuttgart ein Luftreinhalteplan f\u00fcr Hemmingen aufgestellt und die Umweltzone Leonberg wurde erweitert und hei\u00dft heute &#8222;<strong>Umwelt-Zone Leonberg\/Hemmingen und Umgebung<\/strong>&#8222;.<\/p>\n<p><strong>Tempo 30 auf der Ortsdurchfahrt<\/strong> war der lang gehegte Wunsch der Bev\u00f6lkerung und konnte nun in Teilen realisiert werden. Die Vorgaben f\u00fcr eine Errichtung von Tempo 30 sind sehr restriktiv: Nur aufgrund von L\u00e4rm oder Feinstaub kann Tempo 30 erlassen werden. 2012 fand die 2. Stufe der L\u00e4rmkartierung durch das Land Baden-W\u00fcrttemberg statt. In dieser zweiten Stufe waren auch die beiden durch Hemmingen f\u00fchrenden Landesstra\u00dfen Teil der Untersuchung.<br \/>\nIm Ergebnis konnte festgestellt werden, dass entlang der Ortsdurchfahrt zwischen der Bergstra\u00dfe und der M\u00fcnchinger Stra\u00dfe 2 die rechnerisch ermittelten L\u00e4rmwerte an den angrenzenden Geb\u00e4uden zu einer \u00dcberschreitung der zul\u00e4ssigen L\u00e4rmwerte f\u00fchren.<br \/>\nLeider konnten weitere Abschnitte nicht den Bereich mit aufgenommen werden, da die Geb\u00e4ude so weit von der Stra\u00dfe abger\u00fcckt sind, dass die dort ankommenden L\u00e4rmwerte keine \u00dcberschreitung mehr darstellen.<\/p>\n<p>F\u00fcr die Anwohner der <strong>Schwieberdinger Stra\u00dfe<\/strong> entlang des Schlossparks gab es auch die ungute Situation, dass dort eine Temporegelung mit 70 km\/h galt. Die Argumentation der Verkehrsbeh\u00f6rde des Landratsamtes und \u00fcbergeordnet des Regierungspr\u00e4sidiums war, dass diese Stra\u00dfe nur einseitig bebaut sei und diese deshalb au\u00dferorts l\u00e4ge. Erst durch die Vorlage von Bildern von Situationen in anderen Gemeinden konnte das Regierungspr\u00e4sidium dazu bewegt werden, dass auch hier <strong>Tempo 50<\/strong> angeordnet wurde und so eine Kontinuit\u00e4t in der Verkehrsregelung bis \u00fcber den Bahn\u00fcbergang Schwieberdinger Stra\u00dfe gilt.<\/p>\n<p><img loading=\"lazy\" class=\"size-medium wp-image-322 alignleft\" src=\"http:\/\/bmwahl.thomas-schaefer.de\/wp-content\/uploads\/2017\/09\/eberdinger_Strasse_tempo30-300x169.jpg\" alt=\"\" width=\"300\" height=\"169\" srcset=\"http:\/\/bmwahl.thomas-schaefer.de\/wp-content\/uploads\/2017\/09\/eberdinger_Strasse_tempo30-300x169.jpg 300w, http:\/\/bmwahl.thomas-schaefer.de\/wp-content\/uploads\/2017\/09\/eberdinger_Strasse_tempo30.jpg 768w\" sizes=\"(max-width: 300px) 100vw, 300px\" \/>Fast zeitgleich mit der \u00c4nderung der Stra\u00dfenverkehrsordnung, in der diese M\u00f6glichkeit nun allgemein m\u00f6glich ist, gelang es auch, in der <strong>Eberdinger Stra\u00dfe im Bereich der Schule und des Kinderhauses Tempo 30<\/strong> zu erwirken. Dies bedurfte letztendlich sogar der Entscheidung des Verkehrsministers und der Unterst\u00fctzung des \u00f6rtlichen Abgeordneten um hier auch eine Situation zu schaffen, die seit langem gew\u00fcnscht war.<\/p>\n<p>Zuvor war es schon gelungen, das Landratsamt als Stra\u00dfenbaulasttr\u00e4ger davon zu \u00fcberzeugen, mittels einer <strong>Querungshilfe<\/strong> eine <strong>verbesserte Querungsm\u00f6glichkeit<\/strong> in das Quartier s\u00fcdlich der Eberdinger Stra\u00dfe anzulegen.<\/p>\n<p>Gespannt sind wir auch, wann es gelingt die <strong>S\u00fcdumfahrung Heimerdingen<\/strong> zu realisieren. Hier haben wir mit der Stadt Ditzingen einen Kompromiss erzielt, der die Hemminger Interessen ber\u00fccksichtigt und ebenso die Ditzinger Belange m\u00f6glich macht. Klar ist, dass die S\u00fcdumfahrung Heimerdingen auch Hemmingen eine Entlastung bringt. Mit der S\u00fcdumfahrung ist es dann m\u00f6glich, von der Autobahn-Ausfahrt Rutesheim kommend \u00fcber die S\u00fcdumfahrung Heimerdingen, Umfahrung Sch\u00f6ckingen und die Westumfahrung M\u00fcnchingen ohne durch einen Ort fahren zu m\u00fcssen auf die B10 oder die A81 aufzufahren.<br \/>\nIn diesem Zuge sollte dann auch endlich ein <strong>LKW-Durchfahrtsverbot f\u00fcr Hemmingen<\/strong> m\u00f6glich sein!<\/p>\n<p><img loading=\"lazy\" class=\"wp-image-280 alignleft\" src=\"http:\/\/bmwahl.thomas-schaefer.de\/wp-content\/uploads\/2017\/09\/IMG_20170907_123843-300x225.jpg\" alt=\"\" width=\"200\" height=\"150\" srcset=\"http:\/\/bmwahl.thomas-schaefer.de\/wp-content\/uploads\/2017\/09\/IMG_20170907_123843-300x225.jpg 300w, http:\/\/bmwahl.thomas-schaefer.de\/wp-content\/uploads\/2017\/09\/IMG_20170907_123843-768x576.jpg 768w, http:\/\/bmwahl.thomas-schaefer.de\/wp-content\/uploads\/2017\/09\/IMG_20170907_123843-1024x768.jpg 1024w\" sizes=\"(max-width: 200px) 100vw, 200px\" \/><\/p>\n<p>Zuletzt gelang es, den Landkreis Ludwigsburg darin zu unterst\u00fctzen, dass der <strong>Ausbau der Kreisstra\u00dfe K1653<\/strong> zwischen dem Kreisverkehr Hemmingen\/Heimerdingen\/Eberdingen\/Hochdorf und der Ortseinfahrt Hochdorf realisiert und die Stra\u00dfe nach dem heutigen Stand der Technik ausgebaut werden kann.<\/p>\n<p>Ein sehr aktuelles Thema ist eine verbesserte <strong>Schulwege-F\u00fchrung im Bereich der Hochdorfer Stra\u00dfe<\/strong>. Zwar gibt es dort einen &#8222;Zebra-Streifen&#8220; doch liegt dieser zu weit vom eigentlich notwendigen Querungsweg im Bereich des Bahnhofs entfernt. Hier gibt es erste Gespr\u00e4che mit dem Landratsamt Ludwigsburg, doch ist die Verbindung des bestehenden Bahn\u00fcbergangs mit einer Lichtsignalanlage (&#8222;Ampel&#8220;) recht komplex. Nichtsdestotrotz wird dieses Thema intensiv weiter verfolgt!<\/p>\n<p>Gerade die Verkehrsthemen bed\u00fcrfen eines langen Atems, da die Gemeinde keine eigene Verkehrszust\u00e4ndigkeit hat, sondern diese bei der Verkehrsbeh\u00f6rde im Landratsamt liegen. Manchmal ist es dann sogar notwendig, das Regierungspr\u00e4sidium oder sogar das Verkehrsministerium mit einzuschalten!<\/p>\n<p>&nbsp;<\/p>\n<p><strong>\u00d6PNV<\/strong><\/p>\n<p><img loading=\"lazy\" class=\"size-medium wp-image-354 alignleft\" src=\"http:\/\/bmwahl.thomas-schaefer.de\/wp-content\/uploads\/2017\/09\/Plakat_20121127_EF-208x300.jpg\" alt=\"\" width=\"208\" height=\"300\" srcset=\"http:\/\/bmwahl.thomas-schaefer.de\/wp-content\/uploads\/2017\/09\/Plakat_20121127_EF-208x300.jpg 208w, http:\/\/bmwahl.thomas-schaefer.de\/wp-content\/uploads\/2017\/09\/Plakat_20121127_EF-709x1024.jpg 709w, http:\/\/bmwahl.thomas-schaefer.de\/wp-content\/uploads\/2017\/09\/Plakat_20121127_EF.jpg 720w\" sizes=\"(max-width: 208px) 100vw, 208px\" \/><img loading=\"lazy\" class=\"size-medium wp-image-273 alignright\" src=\"http:\/\/bmwahl.thomas-schaefer.de\/wp-content\/uploads\/2017\/09\/IMG_20170604_152753-225x300.jpg\" alt=\"\" width=\"225\" height=\"300\" srcset=\"http:\/\/bmwahl.thomas-schaefer.de\/wp-content\/uploads\/2017\/09\/IMG_20170604_152753-225x300.jpg 225w, http:\/\/bmwahl.thomas-schaefer.de\/wp-content\/uploads\/2017\/09\/IMG_20170604_152753-768x1024.jpg 768w\" sizes=\"(max-width: 225px) 100vw, 225px\" \/>Der gr\u00f6\u00dfte Schritt im \u00f6ffentlichen Personennahverkehr war sicherlich die Inbetriebnahme der\u00a0<strong>neuen Fahrzeuge der Strohg\u00e4uba<\/strong><strong>hn<\/strong> zum Fahrplanwechsel\u00a02012.<\/p>\n<p>&nbsp;<\/p>\n<p>Damit gibt es nun einen 30-Minuten-Takt zur S-Bahn in Korntal. Leider zeigt sich, dass die Materie &#8222;Eisenbahnwesen&#8220; sehr komplex ist. Noch immer ist Hemmingen derzeit Endstation der Strohg\u00e4ubahn und die von Anfang an geplante Endstation Heimerdingen kann noch nicht erreicht werden. Verschiedene Planfeststellungsverfahren m\u00fcssen durchlaufen werden, bis tats\u00e4chlich eine Ma\u00dfnahme umgesetzt werden kann. Immerhin wurde der <strong>Bahnhof Hemmingen<\/strong> inzwischen <strong>umgebaut<\/strong>.<\/p>\n<p>Erkl\u00e4rtes Ziel ist immer noch, dass die <strong>Strohg\u00e4ubahn wieder bis Stuttgart-Feuerbach<\/strong> durchgebunden wird. Es wird keine Gelegenheit ausgelassen, dies zu wiederholen. Die Gemeinde hat entsprechend auch eine Stellungnahme bei der Fortschreibung des Regionalverkehrsplans abgegeben.<\/p>\n<p>Bereits seit 1994 gibt es das &#8222;<strong>Buskonzept Strohg\u00e4u<\/strong>&#8222;. Dieses gew\u00e4hrleistet nach wie vor eine gute Anbindung \u00fcber die Linien 501 und 502 nach Stuttgart-Feuerbach und \u00fcber die Linie 534 nach Ludwigsburg. Auch konnte der Betrieb der Linie 651 nach Leonberg aufrechterhalten werden, auch beim \u00dcbergang des Betriebs der Buslinie auf die Stadtwerke Leonberg. Hier habe ich argumentiert, dass nach wie vor das Krankenhaus Leonberg von Teilen der Hemminger Bev\u00f6lkerung aufgesucht wird und es deshalb auch m\u00f6glich sein muss, dieses einfach zu erreichen.<\/p>\n<p>Seit 2012 verkehren am Wochenende die S-Bahnen durchgehend. Das <strong>Nachtbus-Konzept<\/strong> wurde daraufhin angepasst und so kann Hemmingen nachts sowohl von Ludwigsburg \u00fcber die Linie N53 als auch \u00fcber die Linie N55 erreicht werden.<\/p>\n<p>&nbsp;<\/p>\n\n<div class=\"twitter-share\"><a href=\"https:\/\/twitter.com\/intent\/tweet?via=dotcomtomde\" class=\"twitter-share-button\">Twittern<\/a><\/div>\n","protected":false},"excerpt":{"rendered":"<p>Stra\u00dfenverkehr Stuttgart gilt als Stau-Hauptstadt Deutschlands, wenn nicht sogar Europas und Hemmingen liegt mitten im Speckg\u00fcrtel der Landeshauptstadt, zentral im Dreieck zwischen der Autobahn 81, der B10 und der Autobahn A8. Leider konnte die Nordrandstra\u00dfe nicht verwirklicht werden, die ein<\/p>\n","protected":false},"author":1,"featured_media":0,"parent":0,"menu_order":0,"comment_status":"closed","ping_status":"closed","template":"","meta":[],"_links":{"self":[{"href":"http:\/\/bmwahl.thomas-schaefer.de\/index.php?rest_route=\/wp\/v2\/pages\/414"}],"collection":[{"href":"http:\/\/bmwahl.thomas-schaefer.de\/index.php?rest_route=\/wp\/v2\/pages"}],"about":[{"href":"http:\/\/bmwahl.thomas-schaefer.de\/index.php?rest_route=\/wp\/v2\/types\/page"}],"author":[{"embeddable":true,"href":"http:\/\/bmwahl.thomas-schaefer.de\/index.php?rest_route=\/wp\/v2\/users\/1"}],"replies":[{"embeddable":true,"href":"http:\/\/bmwahl.thomas-schaefer.de\/index.php?rest_route=%2Fwp%2Fv2%2Fcomments&post=414"}],"version-history":[{"count":8,"href":"http:\/\/bmwahl.thomas-schaefer.de\/index.php?rest_route=\/wp\/v2\/pages\/414\/revisions"}],"predecessor-version":[{"id":496,"href":"http:\/\/bmwahl.thomas-schaefer.de\/index.php?rest_route=\/wp\/v2\/pages\/414\/revisions\/496"}],"wp:attachment":[{"href":"http:\/\/bmwahl.thomas-schaefer.de\/index.php?rest_route=%2Fwp%2Fv2%2Fmedia&parent=414"}],"curies":[{"name":"wp","href":"https:\/\/api.w.org\/{rel}","templated":true}]}}