{"id":45,"date":"2017-09-04T08:05:35","date_gmt":"2017-09-04T08:05:35","guid":{"rendered":"http:\/\/bmwahl.thomas-schaefer.de\/?page_id=45"},"modified":"2017-12-02T14:51:55","modified_gmt":"2017-12-02T14:51:55","slug":"ziele-fuer-hemmingen","status":"publish","type":"page","link":"http:\/\/bmwahl.thomas-schaefer.de\/?page_id=45","title":{"rendered":"Ziele f\u00fcr Hemmingen"},"content":{"rendered":"<blockquote><p>Viel erreicht &#8211; so manches liegt noch gemeinsam vor uns!<\/p>\n<p>&nbsp;<\/p><\/blockquote>\n<p><img loading=\"lazy\" class=\"alignnone wp-image-503\" src=\"http:\/\/bmwahl.thomas-schaefer.de\/wp-content\/uploads\/2017\/12\/TS_BW2018_Flyer_15x15_innen_links-191x300.jpg\" alt=\"\" width=\"700\" height=\"1099\" srcset=\"http:\/\/bmwahl.thomas-schaefer.de\/wp-content\/uploads\/2017\/12\/TS_BW2018_Flyer_15x15_innen_links-191x300.jpg 191w, http:\/\/bmwahl.thomas-schaefer.de\/wp-content\/uploads\/2017\/12\/TS_BW2018_Flyer_15x15_innen_links-768x1205.jpg 768w, http:\/\/bmwahl.thomas-schaefer.de\/wp-content\/uploads\/2017\/12\/TS_BW2018_Flyer_15x15_innen_links-652x1024.jpg 652w, http:\/\/bmwahl.thomas-schaefer.de\/wp-content\/uploads\/2017\/12\/TS_BW2018_Flyer_15x15_innen_links.jpg 1159w\" sizes=\"(max-width: 700px) 100vw, 700px\" \/><\/p>\n<p><img loading=\"lazy\" class=\"alignnone wp-image-504\" src=\"http:\/\/bmwahl.thomas-schaefer.de\/wp-content\/uploads\/2017\/12\/TS_BW2018_Flyer_15x15_mitte_links-202x300.jpg\" alt=\"\" width=\"700\" height=\"1040\" srcset=\"http:\/\/bmwahl.thomas-schaefer.de\/wp-content\/uploads\/2017\/12\/TS_BW2018_Flyer_15x15_mitte_links-202x300.jpg 202w, http:\/\/bmwahl.thomas-schaefer.de\/wp-content\/uploads\/2017\/12\/TS_BW2018_Flyer_15x15_mitte_links-768x1140.jpg 768w, http:\/\/bmwahl.thomas-schaefer.de\/wp-content\/uploads\/2017\/12\/TS_BW2018_Flyer_15x15_mitte_links-690x1024.jpg 690w, http:\/\/bmwahl.thomas-schaefer.de\/wp-content\/uploads\/2017\/12\/TS_BW2018_Flyer_15x15_mitte_links.jpg 1225w\" sizes=\"(max-width: 700px) 100vw, 700px\" \/><\/p>\n<p><img loading=\"lazy\" class=\"alignnone wp-image-505\" src=\"http:\/\/bmwahl.thomas-schaefer.de\/wp-content\/uploads\/2017\/12\/TS_BW2018_Flyer_15x15_mitte_rechts-190x300.jpg\" alt=\"\" width=\"700\" height=\"1105\" srcset=\"http:\/\/bmwahl.thomas-schaefer.de\/wp-content\/uploads\/2017\/12\/TS_BW2018_Flyer_15x15_mitte_rechts-190x300.jpg 190w, http:\/\/bmwahl.thomas-schaefer.de\/wp-content\/uploads\/2017\/12\/TS_BW2018_Flyer_15x15_mitte_rechts-648x1024.jpg 648w, http:\/\/bmwahl.thomas-schaefer.de\/wp-content\/uploads\/2017\/12\/TS_BW2018_Flyer_15x15_mitte_rechts.jpg 1151w\" sizes=\"(max-width: 700px) 100vw, 700px\" \/><\/p>\n<p><img loading=\"lazy\" class=\"alignnone wp-image-506\" src=\"http:\/\/bmwahl.thomas-schaefer.de\/wp-content\/uploads\/2017\/12\/TS_BW2018_Flyer_15x15_rechts-294x300.jpg\" alt=\"\" width=\"700\" height=\"714\" srcset=\"http:\/\/bmwahl.thomas-schaefer.de\/wp-content\/uploads\/2017\/12\/TS_BW2018_Flyer_15x15_rechts-294x300.jpg 294w, http:\/\/bmwahl.thomas-schaefer.de\/wp-content\/uploads\/2017\/12\/TS_BW2018_Flyer_15x15_rechts-768x783.jpg 768w, http:\/\/bmwahl.thomas-schaefer.de\/wp-content\/uploads\/2017\/12\/TS_BW2018_Flyer_15x15_rechts-1004x1024.jpg 1004w, http:\/\/bmwahl.thomas-schaefer.de\/wp-content\/uploads\/2017\/12\/TS_BW2018_Flyer_15x15_rechts.jpg 1784w\" sizes=\"(max-width: 700px) 100vw, 700px\" \/><\/p>\n<p>In den n\u00e4chsten 2 Wochen bis zur Wahl m\u00f6chte ich diesen Flyer noch selbst in Hemmingen austragen.<\/p>\n<p><a href=\"http:\/\/bmwahl.thomas-schaefer.de\/wp-content\/uploads\/2017\/12\/thomas-schaefer-bmwahl2017.pdf\" target=\"_blank\" rel=\"noopener\">Sollten Sie nicht so lange warten wollen, k\u00f6nnen Sie den Flyer auch hier herunterladen.<\/a><\/p>\n\n<div class=\"twitter-share\"><a href=\"https:\/\/twitter.com\/intent\/tweet?via=dotcomtomde\" class=\"twitter-share-button\">Twittern<\/a><\/div>\n","protected":false},"excerpt":{"rendered":"<p>Viel erreicht &#8211; so manches liegt noch gemeinsam vor uns! &nbsp; In den n\u00e4chsten 2 Wochen bis zur Wahl m\u00f6chte ich diesen Flyer noch selbst in Hemmingen austragen. Sollten Sie nicht so lange warten wollen, k\u00f6nnen Sie den Flyer auch<\/p>\n","protected":false},"author":1,"featured_media":0,"parent":0,"menu_order":0,"comment_status":"closed","ping_status":"closed","template":"","meta":[],"_links":{"self":[{"href":"http:\/\/bmwahl.thomas-schaefer.de\/index.php?rest_route=\/wp\/v2\/pages\/45"}],"collection":[{"href":"http:\/\/bmwahl.thomas-schaefer.de\/index.php?rest_route=\/wp\/v2\/pages"}],"about":[{"href":"http:\/\/bmwahl.thomas-schaefer.de\/index.php?rest_route=\/wp\/v2\/types\/page"}],"author":[{"embeddable":true,"href":"http:\/\/bmwahl.thomas-schaefer.de\/index.php?rest_route=\/wp\/v2\/users\/1"}],"replies":[{"embeddable":true,"href":"http:\/\/bmwahl.thomas-schaefer.de\/index.php?rest_route=%2Fwp%2Fv2%2Fcomments&post=45"}],"version-history":[{"count":9,"href":"http:\/\/bmwahl.thomas-schaefer.de\/index.php?rest_route=\/wp\/v2\/pages\/45\/revisions"}],"predecessor-version":[{"id":511,"href":"http:\/\/bmwahl.thomas-schaefer.de\/index.php?rest_route=\/wp\/v2\/pages\/45\/revisions\/511"}],"wp:attachment":[{"href":"http:\/\/bmwahl.thomas-schaefer.de\/index.php?rest_route=%2Fwp%2Fv2%2Fmedia&parent=45"}],"curies":[{"name":"wp","href":"https:\/\/api.w.org\/{rel}","templated":true}]}}